{"id":312,"date":"2023-02-20T16:08:49","date_gmt":"2023-02-20T16:08:49","guid":{"rendered":"http:\/\/audiodyne.studio\/?page_id=312"},"modified":"2023-10-04T07:08:52","modified_gmt":"2023-10-04T13:08:52","slug":"about-us","status":"publish","type":"page","link":"https:\/\/audiodyne.studio\/de\/about-us\/","title":{"rendered":"\u00dcber uns"},"content":{"rendered":"<div data-elementor-type=\"wp-page\" data-elementor-id=\"312\" class=\"elementor elementor-312\" data-elementor-settings=\"{&quot;ha_cmc_init_switcher&quot;:&quot;no&quot;,&quot;element_pack_global_tooltip_width&quot;:{&quot;unit&quot;:&quot;px&quot;,&quot;size&quot;:&quot;&quot;,&quot;sizes&quot;:[]},&quot;element_pack_global_tooltip_width_tablet&quot;:{&quot;unit&quot;:&quot;px&quot;,&quot;size&quot;:&quot;&quot;,&quot;sizes&quot;:[]},&quot;element_pack_global_tooltip_width_mobile&quot;:{&quot;unit&quot;:&quot;px&quot;,&quot;size&quot;:&quot;&quot;,&quot;sizes&quot;:[]},&quot;element_pack_global_tooltip_padding&quot;:{&quot;unit&quot;:&quot;px&quot;,&quot;top&quot;:&quot;&quot;,&quot;right&quot;:&quot;&quot;,&quot;bottom&quot;:&quot;&quot;,&quot;left&quot;:&quot;&quot;,&quot;isLinked&quot;:true},&quot;element_pack_global_tooltip_padding_tablet&quot;:{&quot;unit&quot;:&quot;px&quot;,&quot;top&quot;:&quot;&quot;,&quot;right&quot;:&quot;&quot;,&quot;bottom&quot;:&quot;&quot;,&quot;left&quot;:&quot;&quot;,&quot;isLinked&quot;:true},&quot;element_pack_global_tooltip_padding_mobile&quot;:{&quot;unit&quot;:&quot;px&quot;,&quot;top&quot;:&quot;&quot;,&quot;right&quot;:&quot;&quot;,&quot;bottom&quot;:&quot;&quot;,&quot;left&quot;:&quot;&quot;,&quot;isLinked&quot;:true},&quot;element_pack_global_tooltip_border_radius&quot;:{&quot;unit&quot;:&quot;px&quot;,&quot;top&quot;:&quot;&quot;,&quot;right&quot;:&quot;&quot;,&quot;bottom&quot;:&quot;&quot;,&quot;left&quot;:&quot;&quot;,&quot;isLinked&quot;:true},&quot;element_pack_global_tooltip_border_radius_tablet&quot;:{&quot;unit&quot;:&quot;px&quot;,&quot;top&quot;:&quot;&quot;,&quot;right&quot;:&quot;&quot;,&quot;bottom&quot;:&quot;&quot;,&quot;left&quot;:&quot;&quot;,&quot;isLinked&quot;:true},&quot;element_pack_global_tooltip_border_radius_mobile&quot;:{&quot;unit&quot;:&quot;px&quot;,&quot;top&quot;:&quot;&quot;,&quot;right&quot;:&quot;&quot;,&quot;bottom&quot;:&quot;&quot;,&quot;left&quot;:&quot;&quot;,&quot;isLinked&quot;:true}}\" data-elementor-post-type=\"page\">\n\t\t\t\t<div data-particle_enable=\"false\" data-particle-mobile-disabled=\"false\" class=\"elementor-element elementor-element-024943a e-flex e-con-boxed e-con e-parent\" data-id=\"024943a\" data-element_type=\"container\" data-settings=\"{&quot;background_background&quot;:&quot;classic&quot;,&quot;_ha_eqh_enable&quot;:false}\">\n\t\t\t\t\t<div class=\"e-con-inner\">\n\t\t<div data-particle_enable=\"false\" data-particle-mobile-disabled=\"false\" class=\"elementor-element elementor-element-2c42866 e-con-full e-flex e-con e-child\" data-id=\"2c42866\" data-element_type=\"container\" data-settings=\"{&quot;_ha_eqh_enable&quot;:false}\">\n\t\t\t\t<div class=\"elementor-element elementor-element-fea01d3 elementor-widget__width-initial elementor-absolute elementor-invisible elementor-widget elementor-widget-heading\" data-id=\"fea01d3\" data-element_type=\"widget\" data-settings=\"{&quot;_animation&quot;:&quot;fadeInUp&quot;,&quot;_position&quot;:&quot;absolute&quot;}\" data-widget_type=\"heading.default\">\n\t\t\t\t<div class=\"elementor-widget-container\">\n\t\t\t\t\t<h2 class=\"elementor-heading-title elementor-size-default\">\u00dcber uns<span style=\"color: #E3241F;font-size: 80px\">.<\/span><\/h2>\t\t\t\t<\/div>\n\t\t\t\t<\/div>\n\t\t\t\t<\/div>\n\t\t\t\t\t<\/div>\n\t\t\t\t<\/div>\n\t\t<div data-particle_enable=\"false\" data-particle-mobile-disabled=\"false\" class=\"elementor-element elementor-element-69eee50 e-flex e-con-boxed e-con e-parent\" data-id=\"69eee50\" data-element_type=\"container\" data-settings=\"{&quot;_ha_eqh_enable&quot;:false}\">\n\t\t\t\t\t<div class=\"e-con-inner\">\n\t\t<div data-particle_enable=\"false\" data-particle-mobile-disabled=\"false\" class=\"elementor-element elementor-element-1ba7240 e-con-full e-flex e-con e-child\" data-id=\"1ba7240\" data-element_type=\"container\" data-settings=\"{&quot;background_background&quot;:&quot;classic&quot;,&quot;_ha_eqh_enable&quot;:false}\">\n\t\t\t\t<div class=\"elementor-element elementor-element-8ea8563 elementor-invisible elementor-widget elementor-widget-text-editor\" data-id=\"8ea8563\" data-element_type=\"widget\" data-settings=\"{&quot;_animation&quot;:&quot;fadeIn&quot;}\" data-widget_type=\"text-editor.default\">\n\t\t\t\t<div class=\"elementor-widget-container\">\n\t\t\t\t\t\t\t\t\t<p>Audiodyne ist ein professionelles Mixing- und Masteringstudio, das sich auf die Bereitstellung hochwertiger Musikdienstleistungen konzentriert.<br \/>Mit unseren fachm\u00e4nnisch gestalteten R\u00e4umlichkeiten, modernem Mastering-Equipment und umfassender Erfahrung bieten wir Audio-Mixing- und Mastering-Dienste zu erschwinglichen Preisen.<\/p><p>F\u00fcr K\u00fcnstler, die unsere Dienste in Anspruch nehmen, bieten wir ein kostenloses Mastering-Muster und ein benutzerfreundliches webbasiertes Datei\u00fcbertragungssystem an.<br \/>\u00dcber dieses System kannst du einfach deine Musikdateien hochladen, Anmerkungen und Referenzen bereitstellen und auf verlustfreie Downloads zugreifen.<\/p>\t\t\t\t\t\t\t\t<\/div>\n\t\t\t\t<\/div>\n\t\t\t\t<\/div>\n\t\t\t\t\t<\/div>\n\t\t\t\t<\/div>\n\t\t\t\t<\/div>","protected":false},"excerpt":{"rendered":"<p>\u00dcber uns. Audiodyne ist ein professionelles Misch- und Masteringstudio, das sich auf die Bereitstellung hochwertiger Musikdienstleistungen konzentriert. Mit unseren fachm\u00e4nnisch gestalteten R\u00e4umlichkeiten, modernem Mastering-Equipment und umfassender Erfahrung bieten wir Audio-Mixing- und Mastering-Dienstleistungen zu erschwinglichen Preisen. F\u00fcr K\u00fcnstler, die unsere Dienste in Anspruch nehmen m\u00f6chten, bieten wir ein kostenloses Mastering-Muster und einen benutzerfreundlichen webbasierten Dateitransfer [...]<\/p>","protected":false},"author":1,"featured_media":3803,"parent":0,"menu_order":0,"comment_status":"closed","ping_status":"closed","template":"","meta":{"site-sidebar-layout":"no-sidebar","site-content-layout":"page-builder","ast-site-content-layout":"full-width-container","site-content-style":"unboxed","site-sidebar-style":"unboxed","ast-global-header-display":"","ast-banner-title-visibility":"","ast-main-header-display":"","ast-hfb-above-header-display":"","ast-hfb-below-header-display":"","ast-hfb-mobile-header-display":"","site-post-title":"disabled","ast-breadcrumbs-content":"","ast-featured-img":"disabled","footer-sml-layout":"","theme-transparent-header-meta":"","adv-header-id-meta":"","stick-header-meta":"","header-above-stick-meta":"","header-main-stick-meta":"","header-below-stick-meta":"","astra-migrate-meta-layouts":"set","ast-page-background-enabled":"default","ast-page-background-meta":{"desktop":{"background-color":"var(--ast-global-color-4)","background-image":"","background-repeat":"repeat","background-position":"center center","background-size":"auto","background-attachment":"scroll","background-type":"","background-media":"","overlay-type":"","overlay-color":"","overlay-opacity":"","overlay-gradient":""},"tablet":{"background-color":"","background-image":"","background-repeat":"repeat","background-position":"center center","background-size":"auto","background-attachment":"scroll","background-type":"","background-media":"","overlay-type":"","overlay-color":"","overlay-opacity":"","overlay-gradient":""},"mobile":{"background-color":"","background-image":"","background-repeat":"repeat","background-position":"center center","background-size":"auto","background-attachment":"scroll","background-type":"","background-media":"","overlay-type":"","overlay-color":"","overlay-opacity":"","overlay-gradient":""}},"ast-content-background-meta":{"desktop":{"background-color":"var(--ast-global-color-5)","background-image":"","background-repeat":"repeat","background-position":"center center","background-size":"auto","background-attachment":"scroll","background-type":"","background-media":"","overlay-type":"","overlay-color":"","overlay-opacity":"","overlay-gradient":""},"tablet":{"background-color":"var(--ast-global-color-5)","background-image":"","background-repeat":"repeat","background-position":"center center","background-size":"auto","background-attachment":"scroll","background-type":"","background-media":"","overlay-type":"","overlay-color":"","overlay-opacity":"","overlay-gradient":""},"mobile":{"background-color":"var(--ast-global-color-5)","background-image":"","background-repeat":"repeat","background-position":"center center","background-size":"auto","background-attachment":"scroll","background-type":"","background-media":"","overlay-type":"","overlay-color":"","overlay-opacity":"","overlay-gradient":""}},"footnotes":""},"class_list":["post-312","page","type-page","status-publish","has-post-thumbnail","hentry"],"yoast_head":"<!-- This site is optimized with the Yoast SEO Premium plugin v26.2 (Yoast SEO v27.4) - https:\/\/yoast.com\/product\/yoast-seo-premium-wordpress\/ -->\n<title>About Us | Audiodyne Studio | Professional Audio Mixing &amp; Mastering<\/title>\n<meta name=\"description\" content=\"Audiodyne Studio focuses on delivering high-quality music services. Get our services at affordable prices. Check here more details About Us!\" \/>\n<meta name=\"robots\" content=\"index, follow, max-snippet:-1, max-image-preview:large, max-video-preview:-1\" \/>\n<link rel=\"canonical\" href=\"https:\/\/audiodyne.studio\/de\/about-us\/\" \/>\n<meta property=\"og:locale\" content=\"de_DE\" \/>\n<meta property=\"og:type\" content=\"article\" \/>\n<meta property=\"og:title\" content=\"About Us\" \/>\n<meta property=\"og:description\" content=\"Audiodyne Studio focuses on delivering high-quality music services. Get our services at affordable prices. Check here more details About Us!\" \/>\n<meta property=\"og:url\" content=\"https:\/\/audiodyne.studio\/de\/about-us\/\" \/>\n<meta property=\"og:site_name\" content=\"Audiodyne Studio\" \/>\n<meta property=\"article:modified_time\" content=\"2023-10-04T13:08:52+00:00\" \/>\n<meta property=\"og:image\" content=\"https:\/\/audiodyne.studio\/wp-content\/uploads\/2023\/04\/cropped-logotab2-1.png\" \/>\n\t<meta property=\"og:image:width\" content=\"512\" \/>\n\t<meta property=\"og:image:height\" content=\"512\" \/>\n\t<meta property=\"og:image:type\" content=\"image\/png\" \/>\n<meta name=\"twitter:card\" content=\"summary_large_image\" \/>\n<meta name=\"twitter:site\" content=\"@Audiodynestudio\" \/>\n<meta name=\"twitter:label1\" content=\"Gesch\u00e4tzte Lesezeit\" \/>\n\t<meta name=\"twitter:data1\" content=\"1\u00a0Minute\" \/>\n<script type=\"application\/ld+json\" class=\"yoast-schema-graph\">{\"@context\":\"https:\\\/\\\/schema.org\",\"@graph\":[{\"@type\":\"WebPage\",\"@id\":\"https:\\\/\\\/audiodyne.studio\\\/about-us\\\/\",\"url\":\"https:\\\/\\\/audiodyne.studio\\\/about-us\\\/\",\"name\":\"About Us | Audiodyne Studio | Professional Audio Mixing & Mastering\",\"isPartOf\":{\"@id\":\"https:\\\/\\\/audiodyne.studio\\\/#website\"},\"primaryImageOfPage\":{\"@id\":\"https:\\\/\\\/audiodyne.studio\\\/about-us\\\/#primaryimage\"},\"image\":{\"@id\":\"https:\\\/\\\/audiodyne.studio\\\/about-us\\\/#primaryimage\"},\"thumbnailUrl\":\"https:\\\/\\\/audiodyne.studio\\\/wp-content\\\/uploads\\\/2023\\\/04\\\/cropped-logotab2-1.png\",\"datePublished\":\"2023-02-20T16:08:49+00:00\",\"dateModified\":\"2023-10-04T13:08:52+00:00\",\"description\":\"Audiodyne Studio focuses on delivering high-quality music services. Get our services at affordable prices. Check here more details About Us!\",\"breadcrumb\":{\"@id\":\"https:\\\/\\\/audiodyne.studio\\\/about-us\\\/#breadcrumb\"},\"inLanguage\":\"de\",\"potentialAction\":[{\"@type\":\"ReadAction\",\"target\":[\"https:\\\/\\\/audiodyne.studio\\\/about-us\\\/\"]}]},{\"@type\":\"ImageObject\",\"inLanguage\":\"de\",\"@id\":\"https:\\\/\\\/audiodyne.studio\\\/about-us\\\/#primaryimage\",\"url\":\"https:\\\/\\\/audiodyne.studio\\\/wp-content\\\/uploads\\\/2023\\\/04\\\/cropped-logotab2-1.png\",\"contentUrl\":\"https:\\\/\\\/audiodyne.studio\\\/wp-content\\\/uploads\\\/2023\\\/04\\\/cropped-logotab2-1.png\",\"width\":512,\"height\":512,\"caption\":\"About us\"},{\"@type\":\"BreadcrumbList\",\"@id\":\"https:\\\/\\\/audiodyne.studio\\\/about-us\\\/#breadcrumb\",\"itemListElement\":[{\"@type\":\"ListItem\",\"position\":1,\"name\":\"Home\",\"item\":\"https:\\\/\\\/audiodyne.studio\\\/\"},{\"@type\":\"ListItem\",\"position\":2,\"name\":\"About Us\"}]},{\"@type\":\"WebSite\",\"@id\":\"https:\\\/\\\/audiodyne.studio\\\/#website\",\"url\":\"https:\\\/\\\/audiodyne.studio\\\/\",\"name\":\"Audiodyne Studio\",\"description\":\"Make It Groove!\",\"publisher\":{\"@id\":\"https:\\\/\\\/audiodyne.studio\\\/#organization\"},\"alternateName\":\"Audiodyne\",\"potentialAction\":[{\"@type\":\"SearchAction\",\"target\":{\"@type\":\"EntryPoint\",\"urlTemplate\":\"https:\\\/\\\/audiodyne.studio\\\/?s={search_term_string}\"},\"query-input\":{\"@type\":\"PropertyValueSpecification\",\"valueRequired\":true,\"valueName\":\"search_term_string\"}}],\"inLanguage\":\"de\"},{\"@type\":\"Organization\",\"@id\":\"https:\\\/\\\/audiodyne.studio\\\/#organization\",\"name\":\"Audiodyne\",\"alternateName\":\"Audiodyne Studio\",\"url\":\"https:\\\/\\\/audiodyne.studio\\\/\",\"logo\":{\"@type\":\"ImageObject\",\"inLanguage\":\"de\",\"@id\":\"https:\\\/\\\/audiodyne.studio\\\/#\\\/schema\\\/logo\\\/image\\\/\",\"url\":\"https:\\\/\\\/audiodyne.studio\\\/wp-content\\\/uploads\\\/2023\\\/02\\\/Favicon-1-jpeg.jpg\",\"contentUrl\":\"https:\\\/\\\/audiodyne.studio\\\/wp-content\\\/uploads\\\/2023\\\/02\\\/Favicon-1-jpeg.jpg\",\"width\":1024,\"height\":1024,\"caption\":\"Audiodyne\"},\"image\":{\"@id\":\"https:\\\/\\\/audiodyne.studio\\\/#\\\/schema\\\/logo\\\/image\\\/\"},\"sameAs\":[\"https:\\\/\\\/x.com\\\/Audiodynestudio\"],\"publishingPrinciples\":\"https:\\\/\\\/audiodyne.studio\\\/terms-of-service\\\/\",\"ownershipFundingInfo\":\"https:\\\/\\\/audiodyne.studio\\\/legal-notice\\\/\"}]}<\/script>\n<!-- \/ Yoast SEO Premium plugin. -->","yoast_head_json":{"title":"About Us | Audiodyne Studio | Professional Audio Mixing & Mastering","description":"Audiodyne Studio focuses on delivering high-quality music services. Get our services at affordable prices. Check here more details About Us!","robots":{"index":"index","follow":"follow","max-snippet":"max-snippet:-1","max-image-preview":"max-image-preview:large","max-video-preview":"max-video-preview:-1"},"canonical":"https:\/\/audiodyne.studio\/de\/about-us\/","og_locale":"de_DE","og_type":"article","og_title":"About Us","og_description":"Audiodyne Studio focuses on delivering high-quality music services. Get our services at affordable prices. Check here more details About Us!","og_url":"https:\/\/audiodyne.studio\/de\/about-us\/","og_site_name":"Audiodyne Studio","article_modified_time":"2023-10-04T13:08:52+00:00","og_image":[{"width":512,"height":512,"url":"https:\/\/audiodyne.studio\/wp-content\/uploads\/2023\/04\/cropped-logotab2-1.png","type":"image\/png"}],"twitter_card":"summary_large_image","twitter_site":"@Audiodynestudio","twitter_misc":{"Gesch\u00e4tzte Lesezeit":"1\u00a0Minute"},"schema":{"@context":"https:\/\/schema.org","@graph":[{"@type":"WebPage","@id":"https:\/\/audiodyne.studio\/about-us\/","url":"https:\/\/audiodyne.studio\/about-us\/","name":"About Us | Audiodyne Studio | Professional Audio Mixing & Mastering","isPartOf":{"@id":"https:\/\/audiodyne.studio\/#website"},"primaryImageOfPage":{"@id":"https:\/\/audiodyne.studio\/about-us\/#primaryimage"},"image":{"@id":"https:\/\/audiodyne.studio\/about-us\/#primaryimage"},"thumbnailUrl":"https:\/\/audiodyne.studio\/wp-content\/uploads\/2023\/04\/cropped-logotab2-1.png","datePublished":"2023-02-20T16:08:49+00:00","dateModified":"2023-10-04T13:08:52+00:00","description":"Audiodyne Studio focuses on delivering high-quality music services. Get our services at affordable prices. Check here more details About Us!","breadcrumb":{"@id":"https:\/\/audiodyne.studio\/about-us\/#breadcrumb"},"inLanguage":"de","potentialAction":[{"@type":"ReadAction","target":["https:\/\/audiodyne.studio\/about-us\/"]}]},{"@type":"ImageObject","inLanguage":"de","@id":"https:\/\/audiodyne.studio\/about-us\/#primaryimage","url":"https:\/\/audiodyne.studio\/wp-content\/uploads\/2023\/04\/cropped-logotab2-1.png","contentUrl":"https:\/\/audiodyne.studio\/wp-content\/uploads\/2023\/04\/cropped-logotab2-1.png","width":512,"height":512,"caption":"About us"},{"@type":"BreadcrumbList","@id":"https:\/\/audiodyne.studio\/about-us\/#breadcrumb","itemListElement":[{"@type":"ListItem","position":1,"name":"Home","item":"https:\/\/audiodyne.studio\/"},{"@type":"ListItem","position":2,"name":"About Us"}]},{"@type":"WebSite","@id":"https:\/\/audiodyne.studio\/#website","url":"https:\/\/audiodyne.studio\/","name":"Audiodyne Studio","description":"Make It Groove!","publisher":{"@id":"https:\/\/audiodyne.studio\/#organization"},"alternateName":"Audiodyne","potentialAction":[{"@type":"SearchAction","target":{"@type":"EntryPoint","urlTemplate":"https:\/\/audiodyne.studio\/?s={search_term_string}"},"query-input":{"@type":"PropertyValueSpecification","valueRequired":true,"valueName":"search_term_string"}}],"inLanguage":"de"},{"@type":"Organization","@id":"https:\/\/audiodyne.studio\/#organization","name":"Audiodyne","alternateName":"Audiodyne Studio","url":"https:\/\/audiodyne.studio\/","logo":{"@type":"ImageObject","inLanguage":"de","@id":"https:\/\/audiodyne.studio\/#\/schema\/logo\/image\/","url":"https:\/\/audiodyne.studio\/wp-content\/uploads\/2023\/02\/Favicon-1-jpeg.jpg","contentUrl":"https:\/\/audiodyne.studio\/wp-content\/uploads\/2023\/02\/Favicon-1-jpeg.jpg","width":1024,"height":1024,"caption":"Audiodyne"},"image":{"@id":"https:\/\/audiodyne.studio\/#\/schema\/logo\/image\/"},"sameAs":["https:\/\/x.com\/Audiodynestudio"],"publishingPrinciples":"https:\/\/audiodyne.studio\/terms-of-service\/","ownershipFundingInfo":"https:\/\/audiodyne.studio\/legal-notice\/"}]}},"_links":{"self":[{"href":"https:\/\/audiodyne.studio\/de\/wp-json\/wp\/v2\/pages\/312","targetHints":{"allow":["GET"]}}],"collection":[{"href":"https:\/\/audiodyne.studio\/de\/wp-json\/wp\/v2\/pages"}],"about":[{"href":"https:\/\/audiodyne.studio\/de\/wp-json\/wp\/v2\/types\/page"}],"author":[{"embeddable":true,"href":"https:\/\/audiodyne.studio\/de\/wp-json\/wp\/v2\/users\/1"}],"replies":[{"embeddable":true,"href":"https:\/\/audiodyne.studio\/de\/wp-json\/wp\/v2\/comments?post=312"}],"version-history":[{"count":32,"href":"https:\/\/audiodyne.studio\/de\/wp-json\/wp\/v2\/pages\/312\/revisions"}],"predecessor-version":[{"id":4679,"href":"https:\/\/audiodyne.studio\/de\/wp-json\/wp\/v2\/pages\/312\/revisions\/4679"}],"wp:featuredmedia":[{"embeddable":true,"href":"https:\/\/audiodyne.studio\/de\/wp-json\/wp\/v2\/media\/3803"}],"wp:attachment":[{"href":"https:\/\/audiodyne.studio\/de\/wp-json\/wp\/v2\/media?parent=312"}],"curies":[{"name":"wp","href":"https:\/\/api.w.org\/{rel}","templated":true}]}}