{"id":2248,"date":"2023-03-09T10:23:37","date_gmt":"2023-03-09T10:23:37","guid":{"rendered":"http:\/\/audiodyne.studio\/?page_id=2248"},"modified":"2023-04-25T13:33:23","modified_gmt":"2023-04-25T19:33:23","slug":"license-agreement","status":"publish","type":"page","link":"https:\/\/audiodyne.studio\/de\/license-agreement\/","title":{"rendered":"Lizenzvereinbarung"},"content":{"rendered":"<div data-elementor-type=\"wp-page\" data-elementor-id=\"2248\" class=\"elementor elementor-2248\" data-elementor-settings=\"{&quot;ha_cmc_init_switcher&quot;:&quot;no&quot;,&quot;element_pack_global_tooltip_width&quot;:{&quot;unit&quot;:&quot;px&quot;,&quot;size&quot;:&quot;&quot;,&quot;sizes&quot;:[]},&quot;element_pack_global_tooltip_width_tablet&quot;:{&quot;unit&quot;:&quot;px&quot;,&quot;size&quot;:&quot;&quot;,&quot;sizes&quot;:[]},&quot;element_pack_global_tooltip_width_mobile&quot;:{&quot;unit&quot;:&quot;px&quot;,&quot;size&quot;:&quot;&quot;,&quot;sizes&quot;:[]},&quot;element_pack_global_tooltip_padding&quot;:{&quot;unit&quot;:&quot;px&quot;,&quot;top&quot;:&quot;&quot;,&quot;right&quot;:&quot;&quot;,&quot;bottom&quot;:&quot;&quot;,&quot;left&quot;:&quot;&quot;,&quot;isLinked&quot;:true},&quot;element_pack_global_tooltip_padding_tablet&quot;:{&quot;unit&quot;:&quot;px&quot;,&quot;top&quot;:&quot;&quot;,&quot;right&quot;:&quot;&quot;,&quot;bottom&quot;:&quot;&quot;,&quot;left&quot;:&quot;&quot;,&quot;isLinked&quot;:true},&quot;element_pack_global_tooltip_padding_mobile&quot;:{&quot;unit&quot;:&quot;px&quot;,&quot;top&quot;:&quot;&quot;,&quot;right&quot;:&quot;&quot;,&quot;bottom&quot;:&quot;&quot;,&quot;left&quot;:&quot;&quot;,&quot;isLinked&quot;:true},&quot;element_pack_global_tooltip_border_radius&quot;:{&quot;unit&quot;:&quot;px&quot;,&quot;top&quot;:&quot;&quot;,&quot;right&quot;:&quot;&quot;,&quot;bottom&quot;:&quot;&quot;,&quot;left&quot;:&quot;&quot;,&quot;isLinked&quot;:true},&quot;element_pack_global_tooltip_border_radius_tablet&quot;:{&quot;unit&quot;:&quot;px&quot;,&quot;top&quot;:&quot;&quot;,&quot;right&quot;:&quot;&quot;,&quot;bottom&quot;:&quot;&quot;,&quot;left&quot;:&quot;&quot;,&quot;isLinked&quot;:true},&quot;element_pack_global_tooltip_border_radius_mobile&quot;:{&quot;unit&quot;:&quot;px&quot;,&quot;top&quot;:&quot;&quot;,&quot;right&quot;:&quot;&quot;,&quot;bottom&quot;:&quot;&quot;,&quot;left&quot;:&quot;&quot;,&quot;isLinked&quot;:true}}\" data-elementor-post-type=\"page\">\n\t\t\t\t<div data-particle_enable=\"false\" data-particle-mobile-disabled=\"false\" class=\"elementor-element elementor-element-284960d e-flex e-con-boxed e-con e-parent\" data-id=\"284960d\" data-element_type=\"container\" data-settings=\"{&quot;background_background&quot;:&quot;classic&quot;,&quot;_ha_eqh_enable&quot;:false}\">\n\t\t\t\t\t<div class=\"e-con-inner\">\n\t\t\t\t<div class=\"elementor-element elementor-element-4e6fe51 elementor-invisible elementor-widget elementor-widget-heading\" data-id=\"4e6fe51\" data-element_type=\"widget\" data-settings=\"{&quot;_animation&quot;:&quot;fadeInDown&quot;}\" data-widget_type=\"heading.default\">\n\t\t\t\t<div class=\"elementor-widget-container\">\n\t\t\t\t\t<h1 class=\"elementor-heading-title elementor-size-default\">Lizenzvereinbarung\n<\/h1>\t\t\t\t<\/div>\n\t\t\t\t<\/div>\n\t\t\t\t<div class=\"elementor-element elementor-element-9d8c0bf elementor-invisible elementor-widget elementor-widget-text-editor\" data-id=\"9d8c0bf\" data-element_type=\"widget\" data-settings=\"{&quot;_animation&quot;:&quot;fadeInUp&quot;}\" data-widget_type=\"text-editor.default\">\n\t\t\t\t<div class=\"elementor-widget-container\">\n\t\t\t\t\t\t\t\t\t<p>Dieses Dokument mit dem Titel Endbenutzer-Lizenzvertrag (EULA) ist eine rechtliche Vereinbarung zwischen Steffen Flemming (im Folgenden \"Audiodyne\" genannt) und Ihnen. Bitte lesen und verstehen Sie die unten aufgef\u00fchrten Bedingungen.<\/p><p>Alle Rechte, die dem Nutzer nicht ausdr\u00fccklich gew\u00e4hrt werden, sind vorbehalten. Die in diesem Sample-Pack enthaltenen Klangbeispiele werden ausschlie\u00dflich f\u00fcr die Verwendung in Ihren eigenen Musikkompositionen lizenziert und nicht verkauft. Jegliches Kopieren, Verleihen, Vervielf\u00e4ltigen, Weiterverkaufen oder Handeln mit diesem Produkt oder seinem Inhalt ist strengstens verboten.<\/p><p>Nur der urspr\u00fcngliche K\u00e4ufer dieses Produkts hat das Recht, die beigef\u00fcgten Klangbeispiele in seinen Musikkompositionen zu verwenden. Der Lizenznehmer darf die Kl\u00e4nge in Kombination mit anderen Kl\u00e4ngen in Musikproduktionen, einschlie\u00dflich Soundtracks f\u00fcr Filme, Videoproduktionen, Radio-\/TV-Programme oder Werbespots, Computerspiele und Multimedia-Pr\u00e4sentationen, sowie f\u00fcr \u00f6ffentliche Auff\u00fchrungen und andere angemessene musikalische Zwecke innerhalb von Musikkompositionen verwenden.<\/p><p><strong>Es ist untersagt:<\/strong><br \/><strong>(1)<\/strong> die Kl\u00e4nge zu vermieten, zu verleasen, zu verleihen, zu tauschen, zu lizenzieren, zu \u00fcbertragen, zu vervielf\u00e4ltigen, zu vertreiben, abzutreten, zu verkaufen oder Kopien davon anzufertigen, unabh\u00e4ngig davon, ob sie ver\u00e4ndert oder in ihrer urspr\u00fcnglichen Form vorliegen;<br \/><strong>(1.1)<\/strong> Ver\u00f6ffentlichen, zur Verf\u00fcgung stellen oder anderen erlauben, die Sounds zu kopieren;<br \/><strong>(1.2)<\/strong> die Kl\u00e4nge, ob allein oder in Kombination mit anderen Kl\u00e4ngen, als Teil eines Konkurrenzprodukts, wie z. B. eines Sample Packs, eines virtuellen Instruments, eines Expansion Packs oder einer anderen Sammlung von Kl\u00e4ngen, Samples oder Loop-Elementen in einem beliebigen Format zu verkaufen oder einzubinden;<br \/><strong>(1.3)<\/strong> Verwenden Sie die Ger\u00e4usche isoliert;<br \/><strong>(1.4)<\/strong> das Hochladen, Herunterladen oder die elektronische \u00dcbertragung der T\u00f6ne auf oder von einem Server, einschlie\u00dflich, aber nicht beschr\u00e4nkt auf sendspace.com, rapidshare.com oder \u00e4hnliche Dienste; und<br \/><strong>(1.5)<\/strong> die Kl\u00e4nge \u00fcber Online-Medien weiterzugeben oder zur Verf\u00fcgung zu stellen, einschlie\u00dflich, aber nicht beschr\u00e4nkt auf Peer-to-Peer-Filesharing-Dienste wie BitTorrent oder andere verwandte Dienste.<\/p><p>Die Verwendung dieser Kl\u00e4nge in Multimediaprojekten ist auf die Verwendung in musikalischen Originalkompositionen beschr\u00e4nkt. Jede andere multimediale Verwendung dieser Kl\u00e4nge muss vor der Ver\u00f6ffentlichung mit dem Hersteller dieses Produkts abgesprochen werden.<br \/>Diese Lizenz wird nur f\u00fcr einen einzigen Nutzer auf weltweiter Basis erteilt. Die Lizenz ist nicht exklusiv und wird f\u00fcr die gesamte Dauer des Urheberrechtsschutzes und der Tonbeispiele gew\u00e4hrt. Sie d\u00fcrfen die Klangbeispiele nicht elektronisch \u00fcbertragen oder in einem Time-Sharing- oder Service-B\u00fcro-Betrieb oder einem Computer\/Sampler-Netzwerk einsetzen. Indem Sie dieses Produkt \u00f6ffnen oder benutzen, akzeptieren Sie diese Bedingungen und stimmen ihnen zu.<\/p><p><strong>Begrenzung der Haftung:<\/strong><br \/>Sie k\u00f6nnen von Audiodyne und seinen Lieferanten nur direkte Sch\u00e4den bis zur H\u00f6he des Betrages, den Sie f\u00fcr das Sample Pack bezahlt haben, zur\u00fcckfordern. Sie k\u00f6nnen keine anderen Sch\u00e4den geltend machen, einschlie\u00dflich Folgesch\u00e4den, entgangene Gewinne, besondere, indirekte oder beil\u00e4ufige Sch\u00e4den. Diese Einschr\u00e4nkung gilt f\u00fcr alles, was mit den Kl\u00e4ngen oder Inhalten auf den Internetseiten von Audiodyne oder Dritten zusammenh\u00e4ngt, sowie f\u00fcr Anspr\u00fcche wegen Vertragsbruch, Verletzung der Garantie, Gew\u00e4hrleistung oder Bedingung, Gef\u00e4hrdungshaftung, Fahrl\u00e4ssigkeit oder anderer unerlaubter Handlungen, soweit dies nach geltendem Recht zul\u00e4ssig ist. Dies gilt auch dann, wenn eine Reparatur, ein Ersatz oder eine R\u00fcckerstattung f\u00fcr die Sounds Sie nicht vollst\u00e4ndig f\u00fcr etwaige Verluste entsch\u00e4digt oder wenn Audiodyne von der M\u00f6glichkeit des Schadens wusste oder h\u00e4tte wissen m\u00fcssen.<\/p><p><strong>Keine Garantien:<\/strong><br \/>Audiodyne gibt keine ausdr\u00fccklichen Zusicherungen, Garantien oder Bedingungen. Soweit gesetzlich zul\u00e4ssig, schlie\u00dft Audiodyne stillschweigende Gew\u00e4hrleistungen der Marktg\u00e4ngigkeit, der Eignung f\u00fcr einen bestimmten Zweck und der Nichtverletzung von Rechten Dritter aus.<br \/>F\u00fcr weitere Fragen wenden Sie sich bitte an: <a href=\"mailto:info@pure-massive.com\" target=\"_new\">info@audiodyne.studio<\/a><\/p>\t\t\t\t\t\t\t\t<\/div>\n\t\t\t\t<\/div>\n\t\t\t\t<div class=\"elementor-element elementor-element-5f5cd07 elementor-widget elementor-widget-html\" data-id=\"5f5cd07\" data-element_type=\"widget\" data-widget_type=\"html.default\">\n\t\t\t\t<div class=\"elementor-widget-container\">\n\t\t\t\t\t\n<a href=\"https:\/\/www.it-recht-kanzlei.de\/\" target=\"_blank\"><img decoding=\"async\" src=\"https:\/\/www.it-recht-kanzlei.de\/logo\/Logo_Juristisch_betreut_durch_IT-Recht_Kanzlei.png?i=4d57d-33cff-39c6-907c-1\" alt=\"Vertreten durch die IT-Recht Kanzlei\" \/><\/a>\t\t\t\t<\/div>\n\t\t\t\t<\/div>\n\t\t\t\t\t<\/div>\n\t\t\t\t<\/div>\n\t\t\t\t<\/div>","protected":false},"excerpt":{"rendered":"<p>Lizenzvereinbarung Dieses Dokument mit dem Titel Endbenutzer-Lizenzvereinbarung (EULA) ist eine rechtliche Vereinbarung zwischen Steffen Flemming (im Folgenden \"Audiodyne\" genannt) und Ihnen. Bitte lesen und verstehen Sie die unten aufgef\u00fchrten Bedingungen. Alle Rechte, die dem Nutzer nicht ausdr\u00fccklich gew\u00e4hrt werden, bleiben vorbehalten. Die in diesem Sample Pack enthaltenen Klangbeispiele werden an Sie lizenziert, nicht verkauft, [...]<\/p>","protected":false},"author":1,"featured_media":0,"parent":0,"menu_order":0,"comment_status":"closed","ping_status":"closed","template":"","meta":{"site-sidebar-layout":"no-sidebar","site-content-layout":"page-builder","ast-site-content-layout":"default","site-content-style":"default","site-sidebar-style":"default","ast-global-header-display":"","ast-banner-title-visibility":"","ast-main-header-display":"","ast-hfb-above-header-display":"","ast-hfb-below-header-display":"","ast-hfb-mobile-header-display":"","site-post-title":"disabled","ast-breadcrumbs-content":"","ast-featured-img":"disabled","footer-sml-layout":"","theme-transparent-header-meta":"","adv-header-id-meta":"","stick-header-meta":"","header-above-stick-meta":"","header-main-stick-meta":"","header-below-stick-meta":"","astra-migrate-meta-layouts":"default","ast-page-background-enabled":"default","ast-page-background-meta":{"desktop":{"background-color":"var(--ast-global-color-4)","background-image":"","background-repeat":"repeat","background-position":"center center","background-size":"auto","background-attachment":"scroll","background-type":"","background-media":"","overlay-type":"","overlay-color":"","overlay-opacity":"","overlay-gradient":""},"tablet":{"background-color":"","background-image":"","background-repeat":"repeat","background-position":"center center","background-size":"auto","background-attachment":"scroll","background-type":"","background-media":"","overlay-type":"","overlay-color":"","overlay-opacity":"","overlay-gradient":""},"mobile":{"background-color":"","background-image":"","background-repeat":"repeat","background-position":"center center","background-size":"auto","background-attachment":"scroll","background-type":"","background-media":"","overlay-type":"","overlay-color":"","overlay-opacity":"","overlay-gradient":""}},"ast-content-background-meta":{"desktop":{"background-color":"var(--ast-global-color-5)","background-image":"","background-repeat":"repeat","background-position":"center center","background-size":"auto","background-attachment":"scroll","background-type":"","background-media":"","overlay-type":"","overlay-color":"","overlay-opacity":"","overlay-gradient":""},"tablet":{"background-color":"var(--ast-global-color-5)","background-image":"","background-repeat":"repeat","background-position":"center center","background-size":"auto","background-attachment":"scroll","background-type":"","background-media":"","overlay-type":"","overlay-color":"","overlay-opacity":"","overlay-gradient":""},"mobile":{"background-color":"var(--ast-global-color-5)","background-image":"","background-repeat":"repeat","background-position":"center center","background-size":"auto","background-attachment":"scroll","background-type":"","background-media":"","overlay-type":"","overlay-color":"","overlay-opacity":"","overlay-gradient":""}},"footnotes":""},"class_list":["post-2248","page","type-page","status-publish","hentry"],"yoast_head":"<!-- This site is optimized with the Yoast SEO Premium plugin v26.2 (Yoast SEO v27.4) - https:\/\/yoast.com\/product\/yoast-seo-premium-wordpress\/ -->\n<title>License Agreement | Audiodyne Studio<\/title>\n<meta name=\"robots\" content=\"noindex, follow\" \/>\n<meta property=\"og:locale\" content=\"de_DE\" \/>\n<meta property=\"og:type\" content=\"article\" \/>\n<meta property=\"og:title\" content=\"License Agreement\" \/>\n<meta property=\"og:description\" content=\"License Agreement This document, titled End User License Agreement (EULA), is a legal agreement between Steffen Flemming (referred to as &#8220;Audiodyne&#8221;) and you. Please read and understand the terms outlined below. All rights not expressly granted to the user are reserved. The sound samples included in this sample pack are licensed to you, not sold, [&hellip;]\" \/>\n<meta property=\"og:url\" content=\"https:\/\/audiodyne.studio\/de\/license-agreement\/\" \/>\n<meta property=\"og:site_name\" content=\"Audiodyne Studio\" \/>\n<meta property=\"article:modified_time\" content=\"2023-04-25T19:33:23+00:00\" \/>\n<meta property=\"og:image\" content=\"https:\/\/www.it-recht-kanzlei.de\/logo\/Logo_Juristisch_betreut_durch_IT-Recht_Kanzlei.png?i=4d57d-33cff-39c6-907c-1\" \/>\n<meta name=\"twitter:card\" content=\"summary_large_image\" \/>\n<meta name=\"twitter:site\" content=\"@Audiodynestudio\" \/>\n<meta name=\"twitter:label1\" content=\"Gesch\u00e4tzte Lesezeit\" \/>\n\t<meta name=\"twitter:data1\" content=\"3\u00a0Minuten\" \/>\n<script type=\"application\/ld+json\" class=\"yoast-schema-graph\">{\"@context\":\"https:\\\/\\\/schema.org\",\"@graph\":[{\"@type\":\"WebPage\",\"@id\":\"https:\\\/\\\/audiodyne.studio\\\/license-agreement\\\/\",\"url\":\"https:\\\/\\\/audiodyne.studio\\\/license-agreement\\\/\",\"name\":\"License Agreement | Audiodyne Studio\",\"isPartOf\":{\"@id\":\"https:\\\/\\\/audiodyne.studio\\\/#website\"},\"primaryImageOfPage\":{\"@id\":\"https:\\\/\\\/audiodyne.studio\\\/license-agreement\\\/#primaryimage\"},\"image\":{\"@id\":\"https:\\\/\\\/audiodyne.studio\\\/license-agreement\\\/#primaryimage\"},\"thumbnailUrl\":\"https:\\\/\\\/www.it-recht-kanzlei.de\\\/logo\\\/Logo_Juristisch_betreut_durch_IT-Recht_Kanzlei.png?i=4d57d-33cff-39c6-907c-1\",\"datePublished\":\"2023-03-09T10:23:37+00:00\",\"dateModified\":\"2023-04-25T19:33:23+00:00\",\"breadcrumb\":{\"@id\":\"https:\\\/\\\/audiodyne.studio\\\/license-agreement\\\/#breadcrumb\"},\"inLanguage\":\"de\",\"potentialAction\":[{\"@type\":\"ReadAction\",\"target\":[\"https:\\\/\\\/audiodyne.studio\\\/license-agreement\\\/\"]}]},{\"@type\":\"ImageObject\",\"inLanguage\":\"de\",\"@id\":\"https:\\\/\\\/audiodyne.studio\\\/license-agreement\\\/#primaryimage\",\"url\":\"https:\\\/\\\/www.it-recht-kanzlei.de\\\/logo\\\/Logo_Juristisch_betreut_durch_IT-Recht_Kanzlei.png?i=4d57d-33cff-39c6-907c-1\",\"contentUrl\":\"https:\\\/\\\/www.it-recht-kanzlei.de\\\/logo\\\/Logo_Juristisch_betreut_durch_IT-Recht_Kanzlei.png?i=4d57d-33cff-39c6-907c-1\"},{\"@type\":\"BreadcrumbList\",\"@id\":\"https:\\\/\\\/audiodyne.studio\\\/license-agreement\\\/#breadcrumb\",\"itemListElement\":[{\"@type\":\"ListItem\",\"position\":1,\"name\":\"Home\",\"item\":\"https:\\\/\\\/audiodyne.studio\\\/\"},{\"@type\":\"ListItem\",\"position\":2,\"name\":\"License Agreement\"}]},{\"@type\":\"WebSite\",\"@id\":\"https:\\\/\\\/audiodyne.studio\\\/#website\",\"url\":\"https:\\\/\\\/audiodyne.studio\\\/\",\"name\":\"Audiodyne Studio\",\"description\":\"Make It Groove!\",\"publisher\":{\"@id\":\"https:\\\/\\\/audiodyne.studio\\\/#organization\"},\"alternateName\":\"Audiodyne\",\"potentialAction\":[{\"@type\":\"SearchAction\",\"target\":{\"@type\":\"EntryPoint\",\"urlTemplate\":\"https:\\\/\\\/audiodyne.studio\\\/?s={search_term_string}\"},\"query-input\":{\"@type\":\"PropertyValueSpecification\",\"valueRequired\":true,\"valueName\":\"search_term_string\"}}],\"inLanguage\":\"de\"},{\"@type\":\"Organization\",\"@id\":\"https:\\\/\\\/audiodyne.studio\\\/#organization\",\"name\":\"Audiodyne\",\"alternateName\":\"Audiodyne Studio\",\"url\":\"https:\\\/\\\/audiodyne.studio\\\/\",\"logo\":{\"@type\":\"ImageObject\",\"inLanguage\":\"de\",\"@id\":\"https:\\\/\\\/audiodyne.studio\\\/#\\\/schema\\\/logo\\\/image\\\/\",\"url\":\"https:\\\/\\\/audiodyne.studio\\\/wp-content\\\/uploads\\\/2023\\\/02\\\/Favicon-1-jpeg.jpg\",\"contentUrl\":\"https:\\\/\\\/audiodyne.studio\\\/wp-content\\\/uploads\\\/2023\\\/02\\\/Favicon-1-jpeg.jpg\",\"width\":1024,\"height\":1024,\"caption\":\"Audiodyne\"},\"image\":{\"@id\":\"https:\\\/\\\/audiodyne.studio\\\/#\\\/schema\\\/logo\\\/image\\\/\"},\"sameAs\":[\"https:\\\/\\\/x.com\\\/Audiodynestudio\"],\"publishingPrinciples\":\"https:\\\/\\\/audiodyne.studio\\\/terms-of-service\\\/\",\"ownershipFundingInfo\":\"https:\\\/\\\/audiodyne.studio\\\/legal-notice\\\/\"}]}<\/script>\n<!-- \/ Yoast SEO Premium plugin. -->","yoast_head_json":{"title":"License Agreement | Audiodyne Studio","robots":{"index":"noindex","follow":"follow"},"og_locale":"de_DE","og_type":"article","og_title":"License Agreement","og_description":"License Agreement This document, titled End User License Agreement (EULA), is a legal agreement between Steffen Flemming (referred to as &#8220;Audiodyne&#8221;) and you. Please read and understand the terms outlined below. All rights not expressly granted to the user are reserved. The sound samples included in this sample pack are licensed to you, not sold, [&hellip;]","og_url":"https:\/\/audiodyne.studio\/de\/license-agreement\/","og_site_name":"Audiodyne Studio","article_modified_time":"2023-04-25T19:33:23+00:00","og_image":[{"url":"https:\/\/www.it-recht-kanzlei.de\/logo\/Logo_Juristisch_betreut_durch_IT-Recht_Kanzlei.png?i=4d57d-33cff-39c6-907c-1","type":"","width":"","height":""}],"twitter_card":"summary_large_image","twitter_site":"@Audiodynestudio","twitter_misc":{"Gesch\u00e4tzte Lesezeit":"3\u00a0Minuten"},"schema":{"@context":"https:\/\/schema.org","@graph":[{"@type":"WebPage","@id":"https:\/\/audiodyne.studio\/license-agreement\/","url":"https:\/\/audiodyne.studio\/license-agreement\/","name":"License Agreement | Audiodyne Studio","isPartOf":{"@id":"https:\/\/audiodyne.studio\/#website"},"primaryImageOfPage":{"@id":"https:\/\/audiodyne.studio\/license-agreement\/#primaryimage"},"image":{"@id":"https:\/\/audiodyne.studio\/license-agreement\/#primaryimage"},"thumbnailUrl":"https:\/\/www.it-recht-kanzlei.de\/logo\/Logo_Juristisch_betreut_durch_IT-Recht_Kanzlei.png?i=4d57d-33cff-39c6-907c-1","datePublished":"2023-03-09T10:23:37+00:00","dateModified":"2023-04-25T19:33:23+00:00","breadcrumb":{"@id":"https:\/\/audiodyne.studio\/license-agreement\/#breadcrumb"},"inLanguage":"de","potentialAction":[{"@type":"ReadAction","target":["https:\/\/audiodyne.studio\/license-agreement\/"]}]},{"@type":"ImageObject","inLanguage":"de","@id":"https:\/\/audiodyne.studio\/license-agreement\/#primaryimage","url":"https:\/\/www.it-recht-kanzlei.de\/logo\/Logo_Juristisch_betreut_durch_IT-Recht_Kanzlei.png?i=4d57d-33cff-39c6-907c-1","contentUrl":"https:\/\/www.it-recht-kanzlei.de\/logo\/Logo_Juristisch_betreut_durch_IT-Recht_Kanzlei.png?i=4d57d-33cff-39c6-907c-1"},{"@type":"BreadcrumbList","@id":"https:\/\/audiodyne.studio\/license-agreement\/#breadcrumb","itemListElement":[{"@type":"ListItem","position":1,"name":"Home","item":"https:\/\/audiodyne.studio\/"},{"@type":"ListItem","position":2,"name":"License Agreement"}]},{"@type":"WebSite","@id":"https:\/\/audiodyne.studio\/#website","url":"https:\/\/audiodyne.studio\/","name":"Audiodyne Studio","description":"Make It Groove!","publisher":{"@id":"https:\/\/audiodyne.studio\/#organization"},"alternateName":"Audiodyne","potentialAction":[{"@type":"SearchAction","target":{"@type":"EntryPoint","urlTemplate":"https:\/\/audiodyne.studio\/?s={search_term_string}"},"query-input":{"@type":"PropertyValueSpecification","valueRequired":true,"valueName":"search_term_string"}}],"inLanguage":"de"},{"@type":"Organization","@id":"https:\/\/audiodyne.studio\/#organization","name":"Audiodyne","alternateName":"Audiodyne Studio","url":"https:\/\/audiodyne.studio\/","logo":{"@type":"ImageObject","inLanguage":"de","@id":"https:\/\/audiodyne.studio\/#\/schema\/logo\/image\/","url":"https:\/\/audiodyne.studio\/wp-content\/uploads\/2023\/02\/Favicon-1-jpeg.jpg","contentUrl":"https:\/\/audiodyne.studio\/wp-content\/uploads\/2023\/02\/Favicon-1-jpeg.jpg","width":1024,"height":1024,"caption":"Audiodyne"},"image":{"@id":"https:\/\/audiodyne.studio\/#\/schema\/logo\/image\/"},"sameAs":["https:\/\/x.com\/Audiodynestudio"],"publishingPrinciples":"https:\/\/audiodyne.studio\/terms-of-service\/","ownershipFundingInfo":"https:\/\/audiodyne.studio\/legal-notice\/"}]}},"_links":{"self":[{"href":"https:\/\/audiodyne.studio\/de\/wp-json\/wp\/v2\/pages\/2248","targetHints":{"allow":["GET"]}}],"collection":[{"href":"https:\/\/audiodyne.studio\/de\/wp-json\/wp\/v2\/pages"}],"about":[{"href":"https:\/\/audiodyne.studio\/de\/wp-json\/wp\/v2\/types\/page"}],"author":[{"embeddable":true,"href":"https:\/\/audiodyne.studio\/de\/wp-json\/wp\/v2\/users\/1"}],"replies":[{"embeddable":true,"href":"https:\/\/audiodyne.studio\/de\/wp-json\/wp\/v2\/comments?post=2248"}],"version-history":[{"count":1,"href":"https:\/\/audiodyne.studio\/de\/wp-json\/wp\/v2\/pages\/2248\/revisions"}],"predecessor-version":[{"id":3814,"href":"https:\/\/audiodyne.studio\/de\/wp-json\/wp\/v2\/pages\/2248\/revisions\/3814"}],"wp:attachment":[{"href":"https:\/\/audiodyne.studio\/de\/wp-json\/wp\/v2\/media?parent=2248"}],"curies":[{"name":"wp","href":"https:\/\/api.w.org\/{rel}","templated":true}]}}