{"id":2161,"date":"2026-04-21T13:07:42","date_gmt":"2026-04-21T13:07:42","guid":{"rendered":"http:\/\/audiodyne.studio\/?page_id=2161"},"modified":"2026-04-21T07:07:42","modified_gmt":"2026-04-21T13:07:42","slug":"refund-policy","status":"publish","type":"page","link":"https:\/\/audiodyne.studio\/de\/refund-policy\/","title":{"rendered":"Erstattungspolitik"},"content":{"rendered":"<div data-elementor-type=\"wp-page\" data-elementor-id=\"2161\" class=\"elementor elementor-2161\" data-elementor-settings=\"{&quot;ha_cmc_init_switcher&quot;:&quot;no&quot;,&quot;element_pack_global_tooltip_width&quot;:{&quot;unit&quot;:&quot;px&quot;,&quot;size&quot;:&quot;&quot;,&quot;sizes&quot;:[]},&quot;element_pack_global_tooltip_width_tablet&quot;:{&quot;unit&quot;:&quot;px&quot;,&quot;size&quot;:&quot;&quot;,&quot;sizes&quot;:[]},&quot;element_pack_global_tooltip_width_mobile&quot;:{&quot;unit&quot;:&quot;px&quot;,&quot;size&quot;:&quot;&quot;,&quot;sizes&quot;:[]},&quot;element_pack_global_tooltip_padding&quot;:{&quot;unit&quot;:&quot;px&quot;,&quot;top&quot;:&quot;&quot;,&quot;right&quot;:&quot;&quot;,&quot;bottom&quot;:&quot;&quot;,&quot;left&quot;:&quot;&quot;,&quot;isLinked&quot;:true},&quot;element_pack_global_tooltip_padding_tablet&quot;:{&quot;unit&quot;:&quot;px&quot;,&quot;top&quot;:&quot;&quot;,&quot;right&quot;:&quot;&quot;,&quot;bottom&quot;:&quot;&quot;,&quot;left&quot;:&quot;&quot;,&quot;isLinked&quot;:true},&quot;element_pack_global_tooltip_padding_mobile&quot;:{&quot;unit&quot;:&quot;px&quot;,&quot;top&quot;:&quot;&quot;,&quot;right&quot;:&quot;&quot;,&quot;bottom&quot;:&quot;&quot;,&quot;left&quot;:&quot;&quot;,&quot;isLinked&quot;:true},&quot;element_pack_global_tooltip_border_radius&quot;:{&quot;unit&quot;:&quot;px&quot;,&quot;top&quot;:&quot;&quot;,&quot;right&quot;:&quot;&quot;,&quot;bottom&quot;:&quot;&quot;,&quot;left&quot;:&quot;&quot;,&quot;isLinked&quot;:true},&quot;element_pack_global_tooltip_border_radius_tablet&quot;:{&quot;unit&quot;:&quot;px&quot;,&quot;top&quot;:&quot;&quot;,&quot;right&quot;:&quot;&quot;,&quot;bottom&quot;:&quot;&quot;,&quot;left&quot;:&quot;&quot;,&quot;isLinked&quot;:true},&quot;element_pack_global_tooltip_border_radius_mobile&quot;:{&quot;unit&quot;:&quot;px&quot;,&quot;top&quot;:&quot;&quot;,&quot;right&quot;:&quot;&quot;,&quot;bottom&quot;:&quot;&quot;,&quot;left&quot;:&quot;&quot;,&quot;isLinked&quot;:true}}\" data-elementor-post-type=\"page\">\n\t\t\t\t<div data-particle_enable=\"false\" data-particle-mobile-disabled=\"false\" class=\"elementor-element elementor-element-0b64478 e-flex e-con-boxed e-con e-parent\" data-id=\"0b64478\" data-element_type=\"container\" data-settings=\"{&quot;_ha_eqh_enable&quot;:false}\">\n\t\t\t\t\t<div class=\"e-con-inner\">\n\t\t\t\t<div class=\"elementor-element elementor-element-3b27986 elementor-widget elementor-widget-shortcode\" data-id=\"3b27986\" data-element_type=\"widget\" data-widget_type=\"shortcode.default\">\n\t\t\t\t<div class=\"elementor-widget-container\">\n\t\t\t\t\t\t\t<div class=\"elementor-shortcode\"><div  class=\"agb_content agb_revocation  notranslate\"><div><h2>A. Hinweise zum Widerruf<\/h2>\n\n<h3>Einleitung<\/h3>\n\n<p>Verbraucher, d.h. jede nat\u00fcrliche Person, die zu Zwecken handelt, die ganz oder \u00fcberwiegend nicht ihrer gewerblichen, gesch\u00e4ftlichen, handwerklichen oder beruflichen T\u00e4tigkeit zugerechnet werden k\u00f6nnen, haben das Recht, jeden Vertrag unter den folgenden Bedingungen zu widerrufen:<\/p>\n\n<h3>Recht auf Widerruf<\/h3>\n\n<p>Sie haben das Recht, binnen vierzehn Tagen ohne Angabe von Gr\u00fcnden diesen Vertrag zu widerrufen.<\/p>\n\n<p>Die Widerrufsfrist betr\u00e4gt vierzehn Tage ab dem Tag, an dem Sie oder ein von Ihnen benannter Dritter, der nicht der Bef\u00f6rderer ist, die Waren in Besitz genommen haben bzw. hat.<\/p>\n\n<p>Um Ihr Widerrufsrecht auszu\u00fcben, m\u00fcssen Sie uns (Steffen Flemming, Audiodyne, Lerchenweg 47, 38446 Wolfsburg, Deutschland, Tel.: +495361654299800, E-Mail: info@audiodyne.studio) mittels einer eindeutigen Erkl\u00e4rung (z. B. ein mit der Post versandter Brief, Telefax oder E-Mail) \u00fcber Ihren Entschluss, diesen Vertrag zu widerrufen, informieren. Sie k\u00f6nnen daf\u00fcr das beigef\u00fcgte Muster-Widerrufsformular verwenden, das jedoch nicht vorgeschrieben ist.<\/p>\n\n<p>Zur Wahrung der Widerrufsfrist reicht es aus, dass Sie die Mitteilung \u00fcber die Aus\u00fcbung des Widerrufsrechts vor Ablauf der Widerrufsfrist absenden.<\/p>\n\n<h3>Auswirkungen der Annullierung<\/h3>\n\n<p>Wenn Sie diesen Vertrag widerrufen, haben wir Ihnen alle Zahlungen, die wir von Ihnen erhalten haben, einschlie\u00dflich der Lieferkosten (mit Ausnahme der zus\u00e4tzlichen Kosten, die sich daraus ergeben, dass Sie eine andere Art der Lieferung als die von uns angebotene, g\u00fcnstigste Standardlieferung gew\u00e4hlt haben), unverz\u00fcglich und sp\u00e4testens binnen vierzehn Tagen ab dem Tag zur\u00fcckzuzahlen, an dem die Mitteilung \u00fcber Ihren Widerruf dieses Vertrags bei uns eingegangen ist. Wir k\u00f6nnen von der R\u00fcckzahlung des Kaufpreises einen Abzug f\u00fcr den Wertverlust der gelieferten Ware machen, wenn dieser Wertverlust auf einen von Ihnen zu vertretenden Umgang mit der Ware zur\u00fcckzuf\u00fchren ist. F\u00fcr diese R\u00fcckzahlung verwenden wir dasselbe Zahlungsmittel, das Sie bei der urspr\u00fcnglichen Transaktion eingesetzt haben, es sei denn, mit Ihnen wurde ausdr\u00fccklich etwas anderes vereinbart. In jedem Fall werden Ihnen wegen dieser R\u00fcckzahlung keine Geb\u00fchren berechnet. Wir k\u00f6nnen die R\u00fcckzahlung verweigern, bis wir die Waren wieder zur\u00fcckerhalten haben oder bis Sie den Nachweis erbracht haben, dass Sie die Waren zur\u00fcckgesandt haben, je nachdem, welches der fr\u00fchere Zeitpunkt ist.<\/p>\n\n<p>Sie haben die Waren unverz\u00fcglich und in jedem Fall sp\u00e4testens binnen vierzehn Tagen ab dem Tag, an dem Sie uns \u00fcber den Widerruf dieses Vertrags unterrichten, an uns zur\u00fcckzusenden oder zu \u00fcbergeben. Die Frist ist gewahrt, wenn Sie die Waren vor Ablauf der Frist von vierzehn Tagen absenden.<\/p>\n\n<p>Sie tragen die unmittelbaren Kosten der R\u00fccksendung der Waren.<\/p>\n\n<p>Sie m\u00fcssen f\u00fcr einen etwaigen Wertverlust der Waren nur aufkommen, wenn dieser Wertverlust auf einen zur Pr\u00fcfung der Beschaffenheit, Eigenschaften und Funktionsweise der Waren nicht notwendigen Umgang mit ihnen zur\u00fcckzuf\u00fchren ist.<\/p>\n\n<h3>Ausschluss und\/oder vorzeitiges Erl\u00f6schen des Widerrufsrechts<\/h3>\n\n<p>Das Widerrufsrecht ist ausgeschlossen bei Vertr\u00e4gen zur Lieferung von Waren, die nach den Spezifikationen des Verbrauchers angefertigt werden oder eindeutig auf die pers\u00f6nlichen Bed\u00fcrfnisse zugeschnitten sind.<\/p>\n\n<p>Das Widerrufsrecht erlischt bei Vertr\u00e4gen zur Lieferung von versiegelten Audio- oder Videoaufzeichnungen oder von versiegelter Computersoftware, wenn die Waren nach der Lieferung entsiegelt werden.<\/p>\n\n<h2>B. R\u00fccktrittsformular<\/h2>\n\n<p>Wenn Sie diesen Vertrag widerrufen wollen, dann f\u00fcllen Sie bitte dieses Formular aus und senden Sie es ab.<\/p>\n\n<p>Steffen Flemming<br \/>\nAudiodyne<br \/>\nLerchenweg 47<br \/>\n38446 Wolfsburg<br \/>\nDeutschland<\/p>\n\n<p>E-Mail: info@audiodyne.studio<\/p>\n\n<p>Hiermit k\u00fcndige(n) ich\/wir (*) meinen\/unseren (*) Vertrag \u00fcber den Kauf der folgenden Ware (*) \/ die Erbringung der folgenden Dienstleistung (*),<\/p>\n\n<p>_______________________________________________________<\/p>\n\n<p>_______________________________________________________<\/p>\n\n<p>Bestellt am (*) ____________ \/ erhalten am (*) __________________<\/p>\n\n<p>________________________________________________________<br \/>\nName des\/der Verbraucher(s)<\/p>\n\n<p>________________________________________________________<br \/>\nAnschrift des\/der Verbraucher(s)<\/p>\n\n<p>________________________________________________________<br \/>\nUnterschrift des\/der Verbraucher(s) (nur wenn dieses Formular in Papierform \u00fcbermittelt wird)<\/p>\n\n<p>_________________________<br \/>\nDatum<\/p>\n\n<p>(*) Nichtzutreffendes streichen<\/p><\/div><div id=\"itkanzlei_txt_copyright\" style=\"font-size: 12px; margin-top: 8em;\"><div style=\"display: inline-block; vertical-align: top;\"><a href=\"https:\/\/www.it-recht-kanzlei.de\/\" target=\"_blank\"><img decoding=\"async\" src=\"https:\/\/www.it-recht-kanzlei.de\/logo\/Copyright-Logo_Widerrufsbelehrung.png?i=4d57d-33cff-39c9-907f-1\" id=\"itkanzlei_img_copyright\" alt=\"&copy; IT-Recht Kanzlei\" title=\"\u00a9 IT-Recht Kanzlei\" style=\"margin-top: -20px; border-style: none; max-width: 100%;\" \/><\/a><\/div><div style=\"display: inline-block; vertical-align: top; margin-left: 5px; float: right; white-space: nowrap;\">Version: 21.04.2026, 15:07:41<\/div><div style=\"clear: right;\"><\/div><\/div><\/div><\/div>\n\t\t\t\t\t\t<\/div>\n\t\t\t\t<\/div>\n\t\t\t\t\t<\/div>\n\t\t\t\t<\/div>\n\t\t\t\t<\/div>","protected":false},"excerpt":{"rendered":"","protected":false},"author":1,"featured_media":0,"parent":0,"menu_order":0,"comment_status":"closed","ping_status":"closed","template":"","meta":{"site-sidebar-layout":"no-sidebar","site-content-layout":"page-builder","ast-site-content-layout":"default","site-content-style":"default","site-sidebar-style":"default","ast-global-header-display":"","ast-banner-title-visibility":"","ast-main-header-display":"","ast-hfb-above-header-display":"","ast-hfb-below-header-display":"","ast-hfb-mobile-header-display":"","site-post-title":"disabled","ast-breadcrumbs-content":"","ast-featured-img":"disabled","footer-sml-layout":"","theme-transparent-header-meta":"","adv-header-id-meta":"","stick-header-meta":"","header-above-stick-meta":"","header-main-stick-meta":"","header-below-stick-meta":"","astra-migrate-meta-layouts":"default","ast-page-background-enabled":"default","ast-page-background-meta":{"desktop":{"background-color":"var(--ast-global-color-4)","background-image":"","background-repeat":"repeat","background-position":"center center","background-size":"auto","background-attachment":"scroll","background-type":"","background-media":"","overlay-type":"","overlay-color":"","overlay-opacity":"","overlay-gradient":""},"tablet":{"background-color":"","background-image":"","background-repeat":"repeat","background-position":"center center","background-size":"auto","background-attachment":"scroll","background-type":"","background-media":"","overlay-type":"","overlay-color":"","overlay-opacity":"","overlay-gradient":""},"mobile":{"background-color":"","background-image":"","background-repeat":"repeat","background-position":"center center","background-size":"auto","background-attachment":"scroll","background-type":"","background-media":"","overlay-type":"","overlay-color":"","overlay-opacity":"","overlay-gradient":""}},"ast-content-background-meta":{"desktop":{"background-color":"var(--ast-global-color-5)","background-image":"","background-repeat":"repeat","background-position":"center center","background-size":"auto","background-attachment":"scroll","background-type":"","background-media":"","overlay-type":"","overlay-color":"","overlay-opacity":"","overlay-gradient":""},"tablet":{"background-color":"var(--ast-global-color-5)","background-image":"","background-repeat":"repeat","background-position":"center center","background-size":"auto","background-attachment":"scroll","background-type":"","background-media":"","overlay-type":"","overlay-color":"","overlay-opacity":"","overlay-gradient":""},"mobile":{"background-color":"var(--ast-global-color-5)","background-image":"","background-repeat":"repeat","background-position":"center center","background-size":"auto","background-attachment":"scroll","background-type":"","background-media":"","overlay-type":"","overlay-color":"","overlay-opacity":"","overlay-gradient":""}},"footnotes":""},"class_list":["post-2161","page","type-page","status-publish","hentry"],"yoast_head":"<!-- This site is optimized with the Yoast SEO Premium plugin v26.2 (Yoast SEO v27.4) - https:\/\/yoast.com\/product\/yoast-seo-premium-wordpress\/ -->\n<title>Refund policy | Audiodyne Studio<\/title>\n<meta name=\"robots\" content=\"noindex, follow\" \/>\n<meta property=\"og:locale\" content=\"de_DE\" \/>\n<meta property=\"og:type\" content=\"article\" \/>\n<meta property=\"og:title\" content=\"Refund policy\" \/>\n<meta property=\"og:url\" content=\"https:\/\/audiodyne.studio\/de\/refund-policy\/\" \/>\n<meta property=\"og:site_name\" content=\"Audiodyne Studio\" \/>\n<meta property=\"og:image\" content=\"https:\/\/audiodyne.studio\/wp-content\/uploads\/2023\/04\/logo.png\" \/>\n\t<meta property=\"og:image:width\" content=\"1200\" \/>\n\t<meta property=\"og:image:height\" content=\"675\" \/>\n\t<meta property=\"og:image:type\" content=\"image\/png\" \/>\n<meta name=\"twitter:card\" content=\"summary_large_image\" \/>\n<meta name=\"twitter:site\" content=\"@Audiodynestudio\" \/>\n<script type=\"application\/ld+json\" class=\"yoast-schema-graph\">{\"@context\":\"https:\\\/\\\/schema.org\",\"@graph\":[{\"@type\":\"WebPage\",\"@id\":\"https:\\\/\\\/audiodyne.studio\\\/refund-policy\\\/\",\"url\":\"https:\\\/\\\/audiodyne.studio\\\/refund-policy\\\/\",\"name\":\"Refund policy | Audiodyne Studio\",\"isPartOf\":{\"@id\":\"https:\\\/\\\/audiodyne.studio\\\/#website\"},\"datePublished\":\"2026-04-21T13:07:42+00:00\",\"breadcrumb\":{\"@id\":\"https:\\\/\\\/audiodyne.studio\\\/refund-policy\\\/#breadcrumb\"},\"inLanguage\":\"de\",\"potentialAction\":[{\"@type\":\"ReadAction\",\"target\":[\"https:\\\/\\\/audiodyne.studio\\\/refund-policy\\\/\"]}]},{\"@type\":\"BreadcrumbList\",\"@id\":\"https:\\\/\\\/audiodyne.studio\\\/refund-policy\\\/#breadcrumb\",\"itemListElement\":[{\"@type\":\"ListItem\",\"position\":1,\"name\":\"Home\",\"item\":\"https:\\\/\\\/audiodyne.studio\\\/\"},{\"@type\":\"ListItem\",\"position\":2,\"name\":\"Refund policy\"}]},{\"@type\":\"WebSite\",\"@id\":\"https:\\\/\\\/audiodyne.studio\\\/#website\",\"url\":\"https:\\\/\\\/audiodyne.studio\\\/\",\"name\":\"Audiodyne Studio\",\"description\":\"Make It Groove!\",\"publisher\":{\"@id\":\"https:\\\/\\\/audiodyne.studio\\\/#organization\"},\"alternateName\":\"Audiodyne\",\"potentialAction\":[{\"@type\":\"SearchAction\",\"target\":{\"@type\":\"EntryPoint\",\"urlTemplate\":\"https:\\\/\\\/audiodyne.studio\\\/?s={search_term_string}\"},\"query-input\":{\"@type\":\"PropertyValueSpecification\",\"valueRequired\":true,\"valueName\":\"search_term_string\"}}],\"inLanguage\":\"de\"},{\"@type\":\"Organization\",\"@id\":\"https:\\\/\\\/audiodyne.studio\\\/#organization\",\"name\":\"Audiodyne\",\"alternateName\":\"Audiodyne Studio\",\"url\":\"https:\\\/\\\/audiodyne.studio\\\/\",\"logo\":{\"@type\":\"ImageObject\",\"inLanguage\":\"de\",\"@id\":\"https:\\\/\\\/audiodyne.studio\\\/#\\\/schema\\\/logo\\\/image\\\/\",\"url\":\"https:\\\/\\\/audiodyne.studio\\\/wp-content\\\/uploads\\\/2023\\\/02\\\/Favicon-1-jpeg.jpg\",\"contentUrl\":\"https:\\\/\\\/audiodyne.studio\\\/wp-content\\\/uploads\\\/2023\\\/02\\\/Favicon-1-jpeg.jpg\",\"width\":1024,\"height\":1024,\"caption\":\"Audiodyne\"},\"image\":{\"@id\":\"https:\\\/\\\/audiodyne.studio\\\/#\\\/schema\\\/logo\\\/image\\\/\"},\"sameAs\":[\"https:\\\/\\\/x.com\\\/Audiodynestudio\"],\"publishingPrinciples\":\"https:\\\/\\\/audiodyne.studio\\\/terms-of-service\\\/\",\"ownershipFundingInfo\":\"https:\\\/\\\/audiodyne.studio\\\/legal-notice\\\/\"}]}<\/script>\n<!-- \/ Yoast SEO Premium plugin. -->","yoast_head_json":{"title":"Refund policy | Audiodyne Studio","robots":{"index":"noindex","follow":"follow"},"og_locale":"de_DE","og_type":"article","og_title":"Refund policy","og_url":"https:\/\/audiodyne.studio\/de\/refund-policy\/","og_site_name":"Audiodyne Studio","og_image":[{"width":1200,"height":675,"url":"https:\/\/audiodyne.studio\/wp-content\/uploads\/2023\/04\/logo.png","type":"image\/png"}],"twitter_card":"summary_large_image","twitter_site":"@Audiodynestudio","schema":{"@context":"https:\/\/schema.org","@graph":[{"@type":"WebPage","@id":"https:\/\/audiodyne.studio\/refund-policy\/","url":"https:\/\/audiodyne.studio\/refund-policy\/","name":"Refund policy | Audiodyne Studio","isPartOf":{"@id":"https:\/\/audiodyne.studio\/#website"},"datePublished":"2026-04-21T13:07:42+00:00","breadcrumb":{"@id":"https:\/\/audiodyne.studio\/refund-policy\/#breadcrumb"},"inLanguage":"de","potentialAction":[{"@type":"ReadAction","target":["https:\/\/audiodyne.studio\/refund-policy\/"]}]},{"@type":"BreadcrumbList","@id":"https:\/\/audiodyne.studio\/refund-policy\/#breadcrumb","itemListElement":[{"@type":"ListItem","position":1,"name":"Home","item":"https:\/\/audiodyne.studio\/"},{"@type":"ListItem","position":2,"name":"Refund policy"}]},{"@type":"WebSite","@id":"https:\/\/audiodyne.studio\/#website","url":"https:\/\/audiodyne.studio\/","name":"Audiodyne Studio","description":"Make It Groove!","publisher":{"@id":"https:\/\/audiodyne.studio\/#organization"},"alternateName":"Audiodyne","potentialAction":[{"@type":"SearchAction","target":{"@type":"EntryPoint","urlTemplate":"https:\/\/audiodyne.studio\/?s={search_term_string}"},"query-input":{"@type":"PropertyValueSpecification","valueRequired":true,"valueName":"search_term_string"}}],"inLanguage":"de"},{"@type":"Organization","@id":"https:\/\/audiodyne.studio\/#organization","name":"Audiodyne","alternateName":"Audiodyne Studio","url":"https:\/\/audiodyne.studio\/","logo":{"@type":"ImageObject","inLanguage":"de","@id":"https:\/\/audiodyne.studio\/#\/schema\/logo\/image\/","url":"https:\/\/audiodyne.studio\/wp-content\/uploads\/2023\/02\/Favicon-1-jpeg.jpg","contentUrl":"https:\/\/audiodyne.studio\/wp-content\/uploads\/2023\/02\/Favicon-1-jpeg.jpg","width":1024,"height":1024,"caption":"Audiodyne"},"image":{"@id":"https:\/\/audiodyne.studio\/#\/schema\/logo\/image\/"},"sameAs":["https:\/\/x.com\/Audiodynestudio"],"publishingPrinciples":"https:\/\/audiodyne.studio\/terms-of-service\/","ownershipFundingInfo":"https:\/\/audiodyne.studio\/legal-notice\/"}]}},"_links":{"self":[{"href":"https:\/\/audiodyne.studio\/de\/wp-json\/wp\/v2\/pages\/2161","targetHints":{"allow":["GET"]}}],"collection":[{"href":"https:\/\/audiodyne.studio\/de\/wp-json\/wp\/v2\/pages"}],"about":[{"href":"https:\/\/audiodyne.studio\/de\/wp-json\/wp\/v2\/types\/page"}],"author":[{"embeddable":true,"href":"https:\/\/audiodyne.studio\/de\/wp-json\/wp\/v2\/users\/1"}],"replies":[{"embeddable":true,"href":"https:\/\/audiodyne.studio\/de\/wp-json\/wp\/v2\/comments?post=2161"}],"version-history":[{"count":22,"href":"https:\/\/audiodyne.studio\/de\/wp-json\/wp\/v2\/pages\/2161\/revisions"}],"predecessor-version":[{"id":5006,"href":"https:\/\/audiodyne.studio\/de\/wp-json\/wp\/v2\/pages\/2161\/revisions\/5006"}],"wp:attachment":[{"href":"https:\/\/audiodyne.studio\/de\/wp-json\/wp\/v2\/media?parent=2161"}],"curies":[{"name":"wp","href":"https:\/\/api.w.org\/{rel}","templated":true}]}}