{"id":1016,"date":"2023-02-28T19:42:44","date_gmt":"2023-02-28T19:42:44","guid":{"rendered":"http:\/\/audiodyne.studio\/?page_id=1016"},"modified":"2023-12-07T10:51:59","modified_gmt":"2023-12-07T16:51:59","slug":"restoration","status":"publish","type":"page","link":"https:\/\/audiodyne.studio\/de\/restoration\/","title":{"rendered":"Restauration"},"content":{"rendered":"<div data-elementor-type=\"wp-page\" data-elementor-id=\"1016\" class=\"elementor elementor-1016\" data-elementor-settings=\"{&quot;ha_cmc_init_switcher&quot;:&quot;no&quot;,&quot;element_pack_global_tooltip_width&quot;:{&quot;unit&quot;:&quot;px&quot;,&quot;size&quot;:&quot;&quot;,&quot;sizes&quot;:[]},&quot;element_pack_global_tooltip_width_tablet&quot;:{&quot;unit&quot;:&quot;px&quot;,&quot;size&quot;:&quot;&quot;,&quot;sizes&quot;:[]},&quot;element_pack_global_tooltip_width_mobile&quot;:{&quot;unit&quot;:&quot;px&quot;,&quot;size&quot;:&quot;&quot;,&quot;sizes&quot;:[]},&quot;element_pack_global_tooltip_padding&quot;:{&quot;unit&quot;:&quot;px&quot;,&quot;top&quot;:&quot;&quot;,&quot;right&quot;:&quot;&quot;,&quot;bottom&quot;:&quot;&quot;,&quot;left&quot;:&quot;&quot;,&quot;isLinked&quot;:true},&quot;element_pack_global_tooltip_padding_tablet&quot;:{&quot;unit&quot;:&quot;px&quot;,&quot;top&quot;:&quot;&quot;,&quot;right&quot;:&quot;&quot;,&quot;bottom&quot;:&quot;&quot;,&quot;left&quot;:&quot;&quot;,&quot;isLinked&quot;:true},&quot;element_pack_global_tooltip_padding_mobile&quot;:{&quot;unit&quot;:&quot;px&quot;,&quot;top&quot;:&quot;&quot;,&quot;right&quot;:&quot;&quot;,&quot;bottom&quot;:&quot;&quot;,&quot;left&quot;:&quot;&quot;,&quot;isLinked&quot;:true},&quot;element_pack_global_tooltip_border_radius&quot;:{&quot;unit&quot;:&quot;px&quot;,&quot;top&quot;:&quot;&quot;,&quot;right&quot;:&quot;&quot;,&quot;bottom&quot;:&quot;&quot;,&quot;left&quot;:&quot;&quot;,&quot;isLinked&quot;:true},&quot;element_pack_global_tooltip_border_radius_tablet&quot;:{&quot;unit&quot;:&quot;px&quot;,&quot;top&quot;:&quot;&quot;,&quot;right&quot;:&quot;&quot;,&quot;bottom&quot;:&quot;&quot;,&quot;left&quot;:&quot;&quot;,&quot;isLinked&quot;:true},&quot;element_pack_global_tooltip_border_radius_mobile&quot;:{&quot;unit&quot;:&quot;px&quot;,&quot;top&quot;:&quot;&quot;,&quot;right&quot;:&quot;&quot;,&quot;bottom&quot;:&quot;&quot;,&quot;left&quot;:&quot;&quot;,&quot;isLinked&quot;:true}}\" data-elementor-post-type=\"page\">\n\t\t\t\t<div data-particle_enable=\"false\" data-particle-mobile-disabled=\"false\" class=\"elementor-element elementor-element-ee5d471 e-flex e-con-boxed e-con e-parent\" data-id=\"ee5d471\" data-element_type=\"container\" data-settings=\"{&quot;background_background&quot;:&quot;classic&quot;,&quot;_ha_eqh_enable&quot;:false}\">\n\t\t\t\t\t<div class=\"e-con-inner\">\n\t\t<div data-particle_enable=\"false\" data-particle-mobile-disabled=\"false\" class=\"elementor-element elementor-element-57f2c6f e-con-full e-flex e-con e-child\" data-id=\"57f2c6f\" data-element_type=\"container\" data-settings=\"{&quot;_ha_eqh_enable&quot;:false}\">\n\t\t\t\t<div class=\"elementor-element elementor-element-7fc3001 elementor-widget__width-initial elementor-absolute elementor-invisible elementor-widget elementor-widget-heading\" data-id=\"7fc3001\" data-element_type=\"widget\" data-settings=\"{&quot;_animation&quot;:&quot;fadeInUp&quot;,&quot;_position&quot;:&quot;absolute&quot;}\" data-widget_type=\"heading.default\">\n\t\t\t\t<div class=\"elementor-widget-container\">\n\t\t\t\t\t<h2 class=\"elementor-heading-title elementor-size-default\">Restauration<span style=\"color: #E3241F;font-size: 80px\">.<\/h2>\t\t\t\t<\/div>\n\t\t\t\t<\/div>\n\t\t\t\t<\/div>\n\t\t\t\t\t<\/div>\n\t\t\t\t<\/div>\n\t\t<div data-particle_enable=\"false\" data-particle-mobile-disabled=\"false\" class=\"elementor-element elementor-element-f93d9f5 e-flex e-con-boxed e-con e-parent\" data-id=\"f93d9f5\" data-element_type=\"container\" data-settings=\"{&quot;_ha_eqh_enable&quot;:false}\">\n\t\t\t\t\t<div class=\"e-con-inner\">\n\t\t<div data-particle_enable=\"false\" data-particle-mobile-disabled=\"false\" class=\"elementor-element elementor-element-d3213f1 e-flex e-con-boxed e-con e-child\" data-id=\"d3213f1\" data-element_type=\"container\" data-settings=\"{&quot;_ha_eqh_enable&quot;:false}\">\n\t\t\t\t\t<div class=\"e-con-inner\">\n\t\t<div data-particle_enable=\"false\" data-particle-mobile-disabled=\"false\" class=\"elementor-element elementor-element-7d6a610 e-con-full e-flex e-con e-child\" data-id=\"7d6a610\" data-element_type=\"container\" data-settings=\"{&quot;background_background&quot;:&quot;classic&quot;,&quot;_ha_eqh_enable&quot;:false}\">\n\t\t\t\t<\/div>\n\t\t<div data-particle_enable=\"false\" data-particle-mobile-disabled=\"false\" class=\"elementor-element elementor-element-b95aae1 e-con-full e-flex e-con e-child\" data-id=\"b95aae1\" data-element_type=\"container\" data-settings=\"{&quot;background_background&quot;:&quot;classic&quot;,&quot;_ha_eqh_enable&quot;:false}\">\n\t\t\t\t<div class=\"elementor-element elementor-element-700530c elementor-invisible elementor-widget elementor-widget-text-editor\" data-id=\"700530c\" data-element_type=\"widget\" data-settings=\"{&quot;_animation&quot;:&quot;fadeIn&quot;}\" data-widget_type=\"text-editor.default\">\n\t\t\t\t<div class=\"elementor-widget-container\">\n\t\t\t\t\t\t\t\t\t<p>Unter Audiorestaurierung versteht man die Verbesserung der Qualit\u00e4t von Tonaufnahmen durch Beseitigung oder Reduzierung von unerw\u00fcnschtem Rauschen, Zischen, Klicken, Knacken, Verzerrungen oder anderen Unvollkommenheiten. Dieses Verfahren wird eingesetzt, um alte oder besch\u00e4digte Aufnahmen zu restaurieren, die Klarheit der Sprache zu erh\u00f6hen und das H\u00f6rerlebnis insgesamt zu verbessern.<\/p><p>Die Audiorestaurierung ist wichtig, um historische Aufnahmen zu erhalten und sie modernen H\u00f6rern zug\u00e4nglich zu machen. Alte Aufnahmen von Musik, Reden und Interviews beispielsweise k\u00f6nnen im Laufe der Zeit an Qualit\u00e4t einb\u00fc\u00dfen, so dass sie schwer zu h\u00f6ren oder zu verstehen sind. Mit Hilfe fortschrittlicher Techniken der Audiorestaurierung k\u00f6nnen unerw\u00fcnschte Ger\u00e4usche entfernt und die allgemeine Klangqualit\u00e4t dieser Aufnahmen verbessert werden, so dass sie wieder zum Leben erweckt werden.<\/p><p>Neben der Restaurierung alter Aufnahmen ist die Audiorestaurierung auch n\u00fctzlich, um neue Aufnahmen zu verbessern. Wir verwenden verschiedene Werkzeuge und Techniken, um unerw\u00fcnschte Hintergrundger\u00e4usche und andere Unzul\u00e4nglichkeiten zu entfernen, die das H\u00f6rerlebnis beeintr\u00e4chtigen k\u00f6nnen. Dies ist besonders wichtig in Situationen, in denen eine hohe Klangqualit\u00e4t entscheidend ist, z. B. bei Film- und Fernsehproduktionen, Musikaufnahmen und Live-\u00dcbertragungen.<\/p><p>Insgesamt ist die Audiorestaurierung ein wertvoller Prozess, der dazu beitr\u00e4gt, die Qualit\u00e4t von Tonaufnahmen zu verbessern und historische Aufnahmen f\u00fcr k\u00fcnftige Generationen zu erhalten. Ob du nun Musiker, Filmemacher oder Audiophiler bist, die Vorteile der Audio-Restaurierung liegen auf der Hand. Sie ist ein unverzichtbares Werkzeug f\u00fcr jeden, der hochwertige Audioinhalte erstellen oder genie\u00dfen m\u00f6chte.<\/p>\t\t\t\t\t\t\t\t<\/div>\n\t\t\t\t<\/div>\n\t\t\t\t<div class=\"elementor-element elementor-element-e9b4bb5 elementor-invisible elementor-widget elementor-widget-button\" data-id=\"e9b4bb5\" data-element_type=\"widget\" data-settings=\"{&quot;_animation&quot;:&quot;zoomIn&quot;}\" data-widget_type=\"button.default\">\n\t\t\t\t<div class=\"elementor-widget-container\">\n\t\t\t\t\t\t\t\t\t<div class=\"elementor-button-wrapper\">\n\t\t\t\t\t<a class=\"elementor-button elementor-button-link elementor-size-sm elementor-animation-float\" href=\"https:\/\/audiodyne.studio\/de\/contact\/\">\n\t\t\t\t\t\t<span class=\"elementor-button-content-wrapper\">\n\t\t\t\t\t\t\t\t\t<span class=\"elementor-button-text\">Kontaktiere uns noch heute!<\/span>\n\t\t\t\t\t<\/span>\n\t\t\t\t\t<\/a>\n\t\t\t\t<\/div>\n\t\t\t\t\t\t\t\t<\/div>\n\t\t\t\t<\/div>\n\t\t\t\t<\/div>\n\t\t\t\t\t<\/div>\n\t\t\t\t<\/div>\n\t\t<div data-particle_enable=\"false\" data-particle-mobile-disabled=\"false\" class=\"elementor-element elementor-element-9a1617d e-flex e-con-boxed e-con e-child\" data-id=\"9a1617d\" data-element_type=\"container\" data-settings=\"{&quot;_ha_eqh_enable&quot;:false}\">\n\t\t\t\t\t<div class=\"e-con-inner\">\n\t\t\t\t\t<\/div>\n\t\t\t\t<\/div>\n\t\t\t\t\t<\/div>\n\t\t\t\t<\/div>\n\t\t\t\t<\/div>","protected":false},"excerpt":{"rendered":"<p>Restaurierung. Unter Audiorestaurierung versteht man die Verbesserung der Qualit\u00e4t von Tonaufnahmen, indem unerw\u00fcnschtes Rauschen, Zischen, Klicken, Knacken, Verzerrungen oder andere Unvollkommenheiten entfernt oder reduziert werden. Dieses Verfahren wird eingesetzt, um alte oder besch\u00e4digte Aufnahmen zu restaurieren, die Klarheit der Sprache zu verbessern und das H\u00f6rerlebnis insgesamt zu steigern. Die Audiorestaurierung ist f\u00fcr die Bewahrung historischer [...]<\/p>","protected":false},"author":1,"featured_media":3344,"parent":0,"menu_order":0,"comment_status":"closed","ping_status":"closed","template":"","meta":{"site-sidebar-layout":"no-sidebar","site-content-layout":"page-builder","ast-site-content-layout":"full-width-container","site-content-style":"unboxed","site-sidebar-style":"unboxed","ast-global-header-display":"","ast-banner-title-visibility":"","ast-main-header-display":"","ast-hfb-above-header-display":"","ast-hfb-below-header-display":"","ast-hfb-mobile-header-display":"","site-post-title":"disabled","ast-breadcrumbs-content":"","ast-featured-img":"disabled","footer-sml-layout":"","theme-transparent-header-meta":"","adv-header-id-meta":"","stick-header-meta":"","header-above-stick-meta":"","header-main-stick-meta":"","header-below-stick-meta":"","astra-migrate-meta-layouts":"set","ast-page-background-enabled":"default","ast-page-background-meta":{"desktop":{"background-color":"var(--ast-global-color-4)","background-image":"","background-repeat":"repeat","background-position":"center center","background-size":"auto","background-attachment":"scroll","background-type":"","background-media":"","overlay-type":"","overlay-color":"","overlay-opacity":"","overlay-gradient":""},"tablet":{"background-color":"","background-image":"","background-repeat":"repeat","background-position":"center center","background-size":"auto","background-attachment":"scroll","background-type":"","background-media":"","overlay-type":"","overlay-color":"","overlay-opacity":"","overlay-gradient":""},"mobile":{"background-color":"","background-image":"","background-repeat":"repeat","background-position":"center center","background-size":"auto","background-attachment":"scroll","background-type":"","background-media":"","overlay-type":"","overlay-color":"","overlay-opacity":"","overlay-gradient":""}},"ast-content-background-meta":{"desktop":{"background-color":"var(--ast-global-color-5)","background-image":"","background-repeat":"repeat","background-position":"center center","background-size":"auto","background-attachment":"scroll","background-type":"","background-media":"","overlay-type":"","overlay-color":"","overlay-opacity":"","overlay-gradient":""},"tablet":{"background-color":"var(--ast-global-color-5)","background-image":"","background-repeat":"repeat","background-position":"center center","background-size":"auto","background-attachment":"scroll","background-type":"","background-media":"","overlay-type":"","overlay-color":"","overlay-opacity":"","overlay-gradient":""},"mobile":{"background-color":"var(--ast-global-color-5)","background-image":"","background-repeat":"repeat","background-position":"center center","background-size":"auto","background-attachment":"scroll","background-type":"","background-media":"","overlay-type":"","overlay-color":"","overlay-opacity":"","overlay-gradient":""}},"footnotes":""},"class_list":["post-1016","page","type-page","status-publish","has-post-thumbnail","hentry"],"yoast_head":"<!-- This site is optimized with the Yoast SEO Premium plugin v26.2 (Yoast SEO v27.4) - https:\/\/yoast.com\/product\/yoast-seo-premium-wordpress\/ -->\n<title>Audio Restoration | Audiodyne Studio | Audio Mixing &amp; Mastering<\/title>\n<meta name=\"description\" content=\"Audio restoration is essential for preserving historical recordings and making them accessible to modern listeners. Check here details!\" \/>\n<meta name=\"robots\" content=\"index, follow, max-snippet:-1, max-image-preview:large, max-video-preview:-1\" \/>\n<link rel=\"canonical\" href=\"https:\/\/audiodyne.studio\/de\/restoration\/\" \/>\n<meta property=\"og:locale\" content=\"de_DE\" \/>\n<meta property=\"og:type\" content=\"article\" \/>\n<meta property=\"og:title\" content=\"Restoration\" \/>\n<meta property=\"og:description\" content=\"Audio restoration is essential for preserving historical recordings and making them accessible to modern listeners. Check here details!\" \/>\n<meta property=\"og:url\" content=\"https:\/\/audiodyne.studio\/de\/restoration\/\" \/>\n<meta property=\"og:site_name\" content=\"Audiodyne Studio\" \/>\n<meta property=\"article:modified_time\" content=\"2023-12-07T16:51:59+00:00\" \/>\n<meta property=\"og:image\" content=\"https:\/\/audiodyne.studio\/wp-content\/uploads\/2023\/03\/Manley.png\" \/>\n\t<meta property=\"og:image:width\" content=\"600\" \/>\n\t<meta property=\"og:image:height\" content=\"450\" \/>\n\t<meta property=\"og:image:type\" content=\"image\/png\" \/>\n<meta name=\"twitter:card\" content=\"summary_large_image\" \/>\n<meta name=\"twitter:site\" content=\"@Audiodynestudio\" \/>\n<meta name=\"twitter:label1\" content=\"Gesch\u00e4tzte Lesezeit\" \/>\n\t<meta name=\"twitter:data1\" content=\"2\u00a0Minuten\" \/>\n<script type=\"application\/ld+json\" class=\"yoast-schema-graph\">{\"@context\":\"https:\\\/\\\/schema.org\",\"@graph\":[{\"@type\":\"WebPage\",\"@id\":\"https:\\\/\\\/audiodyne.studio\\\/restoration\\\/\",\"url\":\"https:\\\/\\\/audiodyne.studio\\\/restoration\\\/\",\"name\":\"Audio Restoration | Audiodyne Studio | Audio Mixing & Mastering\",\"isPartOf\":{\"@id\":\"https:\\\/\\\/audiodyne.studio\\\/#website\"},\"primaryImageOfPage\":{\"@id\":\"https:\\\/\\\/audiodyne.studio\\\/restoration\\\/#primaryimage\"},\"image\":{\"@id\":\"https:\\\/\\\/audiodyne.studio\\\/restoration\\\/#primaryimage\"},\"thumbnailUrl\":\"https:\\\/\\\/audiodyne.studio\\\/wp-content\\\/uploads\\\/2023\\\/03\\\/Manley.png\",\"datePublished\":\"2023-02-28T19:42:44+00:00\",\"dateModified\":\"2023-12-07T16:51:59+00:00\",\"description\":\"Audio restoration is essential for preserving historical recordings and making them accessible to modern listeners. Check here details!\",\"breadcrumb\":{\"@id\":\"https:\\\/\\\/audiodyne.studio\\\/restoration\\\/#breadcrumb\"},\"inLanguage\":\"de\",\"potentialAction\":[{\"@type\":\"ReadAction\",\"target\":[\"https:\\\/\\\/audiodyne.studio\\\/restoration\\\/\"]}]},{\"@type\":\"ImageObject\",\"inLanguage\":\"de\",\"@id\":\"https:\\\/\\\/audiodyne.studio\\\/restoration\\\/#primaryimage\",\"url\":\"https:\\\/\\\/audiodyne.studio\\\/wp-content\\\/uploads\\\/2023\\\/03\\\/Manley.png\",\"contentUrl\":\"https:\\\/\\\/audiodyne.studio\\\/wp-content\\\/uploads\\\/2023\\\/03\\\/Manley.png\",\"width\":600,\"height\":450,\"caption\":\"Audio restoration\"},{\"@type\":\"BreadcrumbList\",\"@id\":\"https:\\\/\\\/audiodyne.studio\\\/restoration\\\/#breadcrumb\",\"itemListElement\":[{\"@type\":\"ListItem\",\"position\":1,\"name\":\"Home\",\"item\":\"https:\\\/\\\/audiodyne.studio\\\/\"},{\"@type\":\"ListItem\",\"position\":2,\"name\":\"Restoration\"}]},{\"@type\":\"WebSite\",\"@id\":\"https:\\\/\\\/audiodyne.studio\\\/#website\",\"url\":\"https:\\\/\\\/audiodyne.studio\\\/\",\"name\":\"Audiodyne Studio\",\"description\":\"Make It Groove!\",\"publisher\":{\"@id\":\"https:\\\/\\\/audiodyne.studio\\\/#organization\"},\"alternateName\":\"Audiodyne\",\"potentialAction\":[{\"@type\":\"SearchAction\",\"target\":{\"@type\":\"EntryPoint\",\"urlTemplate\":\"https:\\\/\\\/audiodyne.studio\\\/?s={search_term_string}\"},\"query-input\":{\"@type\":\"PropertyValueSpecification\",\"valueRequired\":true,\"valueName\":\"search_term_string\"}}],\"inLanguage\":\"de\"},{\"@type\":\"Organization\",\"@id\":\"https:\\\/\\\/audiodyne.studio\\\/#organization\",\"name\":\"Audiodyne\",\"alternateName\":\"Audiodyne Studio\",\"url\":\"https:\\\/\\\/audiodyne.studio\\\/\",\"logo\":{\"@type\":\"ImageObject\",\"inLanguage\":\"de\",\"@id\":\"https:\\\/\\\/audiodyne.studio\\\/#\\\/schema\\\/logo\\\/image\\\/\",\"url\":\"https:\\\/\\\/audiodyne.studio\\\/wp-content\\\/uploads\\\/2023\\\/02\\\/Favicon-1-jpeg.jpg\",\"contentUrl\":\"https:\\\/\\\/audiodyne.studio\\\/wp-content\\\/uploads\\\/2023\\\/02\\\/Favicon-1-jpeg.jpg\",\"width\":1024,\"height\":1024,\"caption\":\"Audiodyne\"},\"image\":{\"@id\":\"https:\\\/\\\/audiodyne.studio\\\/#\\\/schema\\\/logo\\\/image\\\/\"},\"sameAs\":[\"https:\\\/\\\/x.com\\\/Audiodynestudio\"],\"publishingPrinciples\":\"https:\\\/\\\/audiodyne.studio\\\/terms-of-service\\\/\",\"ownershipFundingInfo\":\"https:\\\/\\\/audiodyne.studio\\\/legal-notice\\\/\"}]}<\/script>\n<!-- \/ Yoast SEO Premium plugin. -->","yoast_head_json":{"title":"Audio Restoration | Audiodyne Studio | Audio Mixing & Mastering","description":"Audio restoration is essential for preserving historical recordings and making them accessible to modern listeners. Check here details!","robots":{"index":"index","follow":"follow","max-snippet":"max-snippet:-1","max-image-preview":"max-image-preview:large","max-video-preview":"max-video-preview:-1"},"canonical":"https:\/\/audiodyne.studio\/de\/restoration\/","og_locale":"de_DE","og_type":"article","og_title":"Restoration","og_description":"Audio restoration is essential for preserving historical recordings and making them accessible to modern listeners. Check here details!","og_url":"https:\/\/audiodyne.studio\/de\/restoration\/","og_site_name":"Audiodyne Studio","article_modified_time":"2023-12-07T16:51:59+00:00","og_image":[{"width":600,"height":450,"url":"https:\/\/audiodyne.studio\/wp-content\/uploads\/2023\/03\/Manley.png","type":"image\/png"}],"twitter_card":"summary_large_image","twitter_site":"@Audiodynestudio","twitter_misc":{"Gesch\u00e4tzte Lesezeit":"2\u00a0Minuten"},"schema":{"@context":"https:\/\/schema.org","@graph":[{"@type":"WebPage","@id":"https:\/\/audiodyne.studio\/restoration\/","url":"https:\/\/audiodyne.studio\/restoration\/","name":"Audio Restoration | Audiodyne Studio | Audio Mixing & Mastering","isPartOf":{"@id":"https:\/\/audiodyne.studio\/#website"},"primaryImageOfPage":{"@id":"https:\/\/audiodyne.studio\/restoration\/#primaryimage"},"image":{"@id":"https:\/\/audiodyne.studio\/restoration\/#primaryimage"},"thumbnailUrl":"https:\/\/audiodyne.studio\/wp-content\/uploads\/2023\/03\/Manley.png","datePublished":"2023-02-28T19:42:44+00:00","dateModified":"2023-12-07T16:51:59+00:00","description":"Audio restoration is essential for preserving historical recordings and making them accessible to modern listeners. Check here details!","breadcrumb":{"@id":"https:\/\/audiodyne.studio\/restoration\/#breadcrumb"},"inLanguage":"de","potentialAction":[{"@type":"ReadAction","target":["https:\/\/audiodyne.studio\/restoration\/"]}]},{"@type":"ImageObject","inLanguage":"de","@id":"https:\/\/audiodyne.studio\/restoration\/#primaryimage","url":"https:\/\/audiodyne.studio\/wp-content\/uploads\/2023\/03\/Manley.png","contentUrl":"https:\/\/audiodyne.studio\/wp-content\/uploads\/2023\/03\/Manley.png","width":600,"height":450,"caption":"Audio restoration"},{"@type":"BreadcrumbList","@id":"https:\/\/audiodyne.studio\/restoration\/#breadcrumb","itemListElement":[{"@type":"ListItem","position":1,"name":"Home","item":"https:\/\/audiodyne.studio\/"},{"@type":"ListItem","position":2,"name":"Restoration"}]},{"@type":"WebSite","@id":"https:\/\/audiodyne.studio\/#website","url":"https:\/\/audiodyne.studio\/","name":"Audiodyne Studio","description":"Make It Groove!","publisher":{"@id":"https:\/\/audiodyne.studio\/#organization"},"alternateName":"Audiodyne","potentialAction":[{"@type":"SearchAction","target":{"@type":"EntryPoint","urlTemplate":"https:\/\/audiodyne.studio\/?s={search_term_string}"},"query-input":{"@type":"PropertyValueSpecification","valueRequired":true,"valueName":"search_term_string"}}],"inLanguage":"de"},{"@type":"Organization","@id":"https:\/\/audiodyne.studio\/#organization","name":"Audiodyne","alternateName":"Audiodyne Studio","url":"https:\/\/audiodyne.studio\/","logo":{"@type":"ImageObject","inLanguage":"de","@id":"https:\/\/audiodyne.studio\/#\/schema\/logo\/image\/","url":"https:\/\/audiodyne.studio\/wp-content\/uploads\/2023\/02\/Favicon-1-jpeg.jpg","contentUrl":"https:\/\/audiodyne.studio\/wp-content\/uploads\/2023\/02\/Favicon-1-jpeg.jpg","width":1024,"height":1024,"caption":"Audiodyne"},"image":{"@id":"https:\/\/audiodyne.studio\/#\/schema\/logo\/image\/"},"sameAs":["https:\/\/x.com\/Audiodynestudio"],"publishingPrinciples":"https:\/\/audiodyne.studio\/terms-of-service\/","ownershipFundingInfo":"https:\/\/audiodyne.studio\/legal-notice\/"}]}},"_links":{"self":[{"href":"https:\/\/audiodyne.studio\/de\/wp-json\/wp\/v2\/pages\/1016","targetHints":{"allow":["GET"]}}],"collection":[{"href":"https:\/\/audiodyne.studio\/de\/wp-json\/wp\/v2\/pages"}],"about":[{"href":"https:\/\/audiodyne.studio\/de\/wp-json\/wp\/v2\/types\/page"}],"author":[{"embeddable":true,"href":"https:\/\/audiodyne.studio\/de\/wp-json\/wp\/v2\/users\/1"}],"replies":[{"embeddable":true,"href":"https:\/\/audiodyne.studio\/de\/wp-json\/wp\/v2\/comments?post=1016"}],"version-history":[{"count":7,"href":"https:\/\/audiodyne.studio\/de\/wp-json\/wp\/v2\/pages\/1016\/revisions"}],"predecessor-version":[{"id":4753,"href":"https:\/\/audiodyne.studio\/de\/wp-json\/wp\/v2\/pages\/1016\/revisions\/4753"}],"wp:featuredmedia":[{"embeddable":true,"href":"https:\/\/audiodyne.studio\/de\/wp-json\/wp\/v2\/media\/3344"}],"wp:attachment":[{"href":"https:\/\/audiodyne.studio\/de\/wp-json\/wp\/v2\/media?parent=1016"}],"curies":[{"name":"wp","href":"https:\/\/api.w.org\/{rel}","templated":true}]}}