{"id":1013,"date":"2023-02-28T18:51:29","date_gmt":"2023-02-28T18:51:29","guid":{"rendered":"http:\/\/audiodyne.studio\/?page_id=1013"},"modified":"2023-10-04T05:51:23","modified_gmt":"2023-10-04T11:51:23","slug":"recording","status":"publish","type":"page","link":"https:\/\/audiodyne.studio\/de\/recording\/","title":{"rendered":"Recording"},"content":{"rendered":"<div data-elementor-type=\"wp-page\" data-elementor-id=\"1013\" class=\"elementor elementor-1013\" data-elementor-settings=\"{&quot;ha_cmc_init_switcher&quot;:&quot;no&quot;,&quot;element_pack_global_tooltip_width&quot;:{&quot;unit&quot;:&quot;px&quot;,&quot;size&quot;:&quot;&quot;,&quot;sizes&quot;:[]},&quot;element_pack_global_tooltip_width_tablet&quot;:{&quot;unit&quot;:&quot;px&quot;,&quot;size&quot;:&quot;&quot;,&quot;sizes&quot;:[]},&quot;element_pack_global_tooltip_width_mobile&quot;:{&quot;unit&quot;:&quot;px&quot;,&quot;size&quot;:&quot;&quot;,&quot;sizes&quot;:[]},&quot;element_pack_global_tooltip_padding&quot;:{&quot;unit&quot;:&quot;px&quot;,&quot;top&quot;:&quot;&quot;,&quot;right&quot;:&quot;&quot;,&quot;bottom&quot;:&quot;&quot;,&quot;left&quot;:&quot;&quot;,&quot;isLinked&quot;:true},&quot;element_pack_global_tooltip_padding_tablet&quot;:{&quot;unit&quot;:&quot;px&quot;,&quot;top&quot;:&quot;&quot;,&quot;right&quot;:&quot;&quot;,&quot;bottom&quot;:&quot;&quot;,&quot;left&quot;:&quot;&quot;,&quot;isLinked&quot;:true},&quot;element_pack_global_tooltip_padding_mobile&quot;:{&quot;unit&quot;:&quot;px&quot;,&quot;top&quot;:&quot;&quot;,&quot;right&quot;:&quot;&quot;,&quot;bottom&quot;:&quot;&quot;,&quot;left&quot;:&quot;&quot;,&quot;isLinked&quot;:true},&quot;element_pack_global_tooltip_border_radius&quot;:{&quot;unit&quot;:&quot;px&quot;,&quot;top&quot;:&quot;&quot;,&quot;right&quot;:&quot;&quot;,&quot;bottom&quot;:&quot;&quot;,&quot;left&quot;:&quot;&quot;,&quot;isLinked&quot;:true},&quot;element_pack_global_tooltip_border_radius_tablet&quot;:{&quot;unit&quot;:&quot;px&quot;,&quot;top&quot;:&quot;&quot;,&quot;right&quot;:&quot;&quot;,&quot;bottom&quot;:&quot;&quot;,&quot;left&quot;:&quot;&quot;,&quot;isLinked&quot;:true},&quot;element_pack_global_tooltip_border_radius_mobile&quot;:{&quot;unit&quot;:&quot;px&quot;,&quot;top&quot;:&quot;&quot;,&quot;right&quot;:&quot;&quot;,&quot;bottom&quot;:&quot;&quot;,&quot;left&quot;:&quot;&quot;,&quot;isLinked&quot;:true}}\" data-elementor-post-type=\"page\">\n\t\t\t\t<div data-particle_enable=\"false\" data-particle-mobile-disabled=\"false\" class=\"elementor-element elementor-element-3e283c8 e-flex e-con-boxed e-con e-parent\" data-id=\"3e283c8\" data-element_type=\"container\" data-settings=\"{&quot;background_background&quot;:&quot;classic&quot;,&quot;_ha_eqh_enable&quot;:false}\">\n\t\t\t\t\t<div class=\"e-con-inner\">\n\t\t<div data-particle_enable=\"false\" data-particle-mobile-disabled=\"false\" class=\"elementor-element elementor-element-5192432 e-con-full e-flex e-con e-child\" data-id=\"5192432\" data-element_type=\"container\" data-settings=\"{&quot;_ha_eqh_enable&quot;:false}\">\n\t\t\t\t<div class=\"elementor-element elementor-element-ed25830 elementor-widget__width-initial elementor-absolute elementor-invisible elementor-widget elementor-widget-heading\" data-id=\"ed25830\" data-element_type=\"widget\" data-settings=\"{&quot;_animation&quot;:&quot;fadeInUp&quot;,&quot;_position&quot;:&quot;absolute&quot;}\" data-widget_type=\"heading.default\">\n\t\t\t\t<div class=\"elementor-widget-container\">\n\t\t\t\t\t<h2 class=\"elementor-heading-title elementor-size-default\">Recording<span style=\"color: #E3241F;font-size: 80px\">.<\/span><\/h2>\t\t\t\t<\/div>\n\t\t\t\t<\/div>\n\t\t\t\t<\/div>\n\t\t\t\t\t<\/div>\n\t\t\t\t<\/div>\n\t\t<div data-particle_enable=\"false\" data-particle-mobile-disabled=\"false\" class=\"elementor-element elementor-element-e7a64c2 e-flex e-con-boxed e-con e-parent\" data-id=\"e7a64c2\" data-element_type=\"container\" data-settings=\"{&quot;_ha_eqh_enable&quot;:false}\">\n\t\t\t\t\t<div class=\"e-con-inner\">\n\t\t<div data-particle_enable=\"false\" data-particle-mobile-disabled=\"false\" class=\"elementor-element elementor-element-1dda01c e-flex e-con-boxed e-con e-child\" data-id=\"1dda01c\" data-element_type=\"container\" data-settings=\"{&quot;_ha_eqh_enable&quot;:false}\">\n\t\t\t\t\t<div class=\"e-con-inner\">\n\t\t<div data-particle_enable=\"false\" data-particle-mobile-disabled=\"false\" class=\"elementor-element elementor-element-68feee2 e-flex e-con-boxed e-con e-child\" data-id=\"68feee2\" data-element_type=\"container\" data-settings=\"{&quot;_ha_eqh_enable&quot;:false}\">\n\t\t\t\t\t<div class=\"e-con-inner\">\n\t\t\t\t<div class=\"elementor-element elementor-element-33bb469 elementor-invisible elementor-widget elementor-widget-text-editor\" data-id=\"33bb469\" data-element_type=\"widget\" data-settings=\"{&quot;_animation&quot;:&quot;fadeIn&quot;}\" data-widget_type=\"text-editor.default\">\n\t\t\t\t<div class=\"elementor-widget-container\">\n\t\t\t\t\t\t\t\t\t<p>Bei der Audioaufnahme in unserem Studio wird der Ton in einer kontrollierten Umgebung aufgezeichnet, um qualitativ hochwertige Aufnahmen zu erzielen. Unser Aufnahmestudio ist in der Regel mit speziellen Ger\u00e4ten wie Mikrofonen, einem Mischpult und einer digitalen Audio-Workstation (DAW) ausgestattet, um eine pr\u00e4zise Kontrolle \u00fcber den Aufnahmeprozess zu erm\u00f6glichen. Die Studioumgebung ist so konzipiert, dass Au\u00dfenger\u00e4usche und akustische Reflexionen, die die Qualit\u00e4t der Aufnahme beeintr\u00e4chtigen k\u00f6nnen, auf ein Minimum reduziert werden.<\/p><p>Zu Beginn der Aufnahme wird unser Techniker die Ausr\u00fcstung aufbauen und den Raum f\u00fcr die Aufnahme vorbereiten. Dies kann die Anpassung der Mikrofonplatzierung, das Aufsetzen von Kopfh\u00f6rern f\u00fcr die K\u00fcnstler und die Sicherstellung der richtigen Lautst\u00e4rke f\u00fcr die Aufnahme beinhalten.<\/p><p>Sobald alles eingerichtet ist, kann die Aufnahmesitzung beginnen. Unser Techniker \u00fcberwacht die Aufnahme und nimmt bei Bedarf Anpassungen vor, um eine qualitativ hochwertige Aufnahme zu gew\u00e4hrleisten. Es k\u00f6nnen mehrere Takes aufgenommen werden, um sicherzustellen, dass die beste Leistung eingefangen wird.<\/p><p>Nach Abschluss der Aufnahme mischen wir die aufgenommenen Spuren in der Regel ab, um einen ausgewogenen und zusammenh\u00e4ngenden Klang zu erzielen. Dies kann die Anpassung der Pegel der einzelnen Instrumente oder Gesangsspuren, die Anwendung von Effekten wie Hall oder Verz\u00f6gerung und die Sicherstellung eines ausgefeilten und professionellen Gesamtklangs beinhalten.<\/p><p>Insgesamt ist die Audioaufnahme in unserem Studio ein komplexer Prozess, der technisches Geschick, Liebe zum Detail und ein gutes Geh\u00f6r f\u00fcr den Klang erfordert. Mit der richtigen Ausr\u00fcstung und Fachkenntnis kann eine qualitativ hochwertige Aufnahme erzielt werden, die die Nuancen der Darbietung genau einf\u00e4ngt und ein fesselndes H\u00f6rerlebnis bietet.<\/p><p>Bitte kontaktiere uns, wenn du eine Aufnahme in unserem Studio machen m\u00f6chtest.<\/p>\t\t\t\t\t\t\t\t<\/div>\n\t\t\t\t<\/div>\n\t\t\t\t<div class=\"elementor-element elementor-element-08540aa elementor-invisible elementor-widget elementor-widget-button\" data-id=\"08540aa\" data-element_type=\"widget\" data-settings=\"{&quot;_animation&quot;:&quot;zoomIn&quot;}\" data-widget_type=\"button.default\">\n\t\t\t\t<div class=\"elementor-widget-container\">\n\t\t\t\t\t\t\t\t\t<div class=\"elementor-button-wrapper\">\n\t\t\t\t\t<a class=\"elementor-button elementor-button-link elementor-size-sm elementor-animation-float\" href=\"https:\/\/audiodyne.studio\/de\/contact\/\">\n\t\t\t\t\t\t<span class=\"elementor-button-content-wrapper\">\n\t\t\t\t\t\t\t\t\t<span class=\"elementor-button-text\">Kontaktiere uns noch heute!<\/span>\n\t\t\t\t\t<\/span>\n\t\t\t\t\t<\/a>\n\t\t\t\t<\/div>\n\t\t\t\t\t\t\t\t<\/div>\n\t\t\t\t<\/div>\n\t\t\t\t\t<\/div>\n\t\t\t\t<\/div>\n\t\t<div data-particle_enable=\"false\" data-particle-mobile-disabled=\"false\" class=\"elementor-element elementor-element-291b6af e-flex e-con-boxed e-con e-child\" data-id=\"291b6af\" data-element_type=\"container\" data-settings=\"{&quot;background_background&quot;:&quot;classic&quot;,&quot;_ha_eqh_enable&quot;:false}\">\n\t\t\t\t\t<div class=\"e-con-inner\">\n\t\t\t\t\t<\/div>\n\t\t\t\t<\/div>\n\t\t\t\t\t<\/div>\n\t\t\t\t<\/div>\n\t\t<div data-particle_enable=\"false\" data-particle-mobile-disabled=\"false\" class=\"elementor-element elementor-element-9f032f7 e-flex e-con-boxed e-con e-child\" data-id=\"9f032f7\" data-element_type=\"container\" data-settings=\"{&quot;_ha_eqh_enable&quot;:false}\">\n\t\t\t\t\t<div class=\"e-con-inner\">\n\t\t\t\t\t<\/div>\n\t\t\t\t<\/div>\n\t\t\t\t\t<\/div>\n\t\t\t\t<\/div>\n\t\t\t\t<\/div>","protected":false},"excerpt":{"rendered":"<p>Aufnahme. Bei der Audioaufnahme in unserem Studio wird der Ton in einer kontrollierten Umgebung aufgezeichnet, um qualitativ hochwertige Aufnahmen zu erzielen. Unser Aufnahmestudio ist in der Regel mit speziellen Ger\u00e4ten wie Mikrofonen, einem Mischpult und einer digitalen Audio-Workstation (DAW) ausgestattet, um eine pr\u00e4zise Kontrolle \u00fcber den Aufnahmeprozess zu erm\u00f6glichen. Die Studioumgebung ist sorgf\u00e4ltig konzipiert, um die [...]<\/p>","protected":false},"author":1,"featured_media":2969,"parent":0,"menu_order":0,"comment_status":"closed","ping_status":"closed","template":"","meta":{"site-sidebar-layout":"no-sidebar","site-content-layout":"page-builder","ast-site-content-layout":"full-width-container","site-content-style":"unboxed","site-sidebar-style":"unboxed","ast-global-header-display":"","ast-banner-title-visibility":"","ast-main-header-display":"","ast-hfb-above-header-display":"","ast-hfb-below-header-display":"","ast-hfb-mobile-header-display":"","site-post-title":"disabled","ast-breadcrumbs-content":"","ast-featured-img":"disabled","footer-sml-layout":"","theme-transparent-header-meta":"","adv-header-id-meta":"","stick-header-meta":"","header-above-stick-meta":"","header-main-stick-meta":"","header-below-stick-meta":"","astra-migrate-meta-layouts":"set","ast-page-background-enabled":"default","ast-page-background-meta":{"desktop":{"background-color":"var(--ast-global-color-4)","background-image":"","background-repeat":"repeat","background-position":"center center","background-size":"auto","background-attachment":"scroll","background-type":"","background-media":"","overlay-type":"","overlay-color":"","overlay-opacity":"","overlay-gradient":""},"tablet":{"background-color":"","background-image":"","background-repeat":"repeat","background-position":"center center","background-size":"auto","background-attachment":"scroll","background-type":"","background-media":"","overlay-type":"","overlay-color":"","overlay-opacity":"","overlay-gradient":""},"mobile":{"background-color":"","background-image":"","background-repeat":"repeat","background-position":"center center","background-size":"auto","background-attachment":"scroll","background-type":"","background-media":"","overlay-type":"","overlay-color":"","overlay-opacity":"","overlay-gradient":""}},"ast-content-background-meta":{"desktop":{"background-color":"var(--ast-global-color-5)","background-image":"","background-repeat":"repeat","background-position":"center center","background-size":"auto","background-attachment":"scroll","background-type":"","background-media":"","overlay-type":"","overlay-color":"","overlay-opacity":"","overlay-gradient":""},"tablet":{"background-color":"var(--ast-global-color-5)","background-image":"","background-repeat":"repeat","background-position":"center center","background-size":"auto","background-attachment":"scroll","background-type":"","background-media":"","overlay-type":"","overlay-color":"","overlay-opacity":"","overlay-gradient":""},"mobile":{"background-color":"var(--ast-global-color-5)","background-image":"","background-repeat":"repeat","background-position":"center center","background-size":"auto","background-attachment":"scroll","background-type":"","background-media":"","overlay-type":"","overlay-color":"","overlay-opacity":"","overlay-gradient":""}},"footnotes":""},"class_list":["post-1013","page","type-page","status-publish","has-post-thumbnail","hentry"],"yoast_head":"<!-- This site is optimized with the Yoast SEO Premium plugin v26.2 (Yoast SEO v27.4) - https:\/\/yoast.com\/product\/yoast-seo-premium-wordpress\/ -->\n<title>Audio Recording | Audiodyne Studio | Audio Mixing &amp; Mastering<\/title>\n<meta name=\"description\" content=\"Audio recording in our studio is the process of capturing sound in a controlled environment to achieve high-quality recordings.\" \/>\n<meta name=\"robots\" content=\"index, follow, max-snippet:-1, max-image-preview:large, max-video-preview:-1\" \/>\n<link rel=\"canonical\" href=\"https:\/\/audiodyne.studio\/de\/recording\/\" \/>\n<meta property=\"og:locale\" content=\"de_DE\" \/>\n<meta property=\"og:type\" content=\"article\" \/>\n<meta property=\"og:title\" content=\"Recording\" \/>\n<meta property=\"og:description\" content=\"Audio recording in our studio is the process of capturing sound in a controlled environment to achieve high-quality recordings.\" \/>\n<meta property=\"og:url\" content=\"https:\/\/audiodyne.studio\/de\/recording\/\" \/>\n<meta property=\"og:site_name\" content=\"Audiodyne Studio\" \/>\n<meta property=\"article:modified_time\" content=\"2023-10-04T11:51:23+00:00\" \/>\n<meta property=\"og:image\" content=\"https:\/\/audiodyne.studio\/wp-content\/uploads\/2023\/03\/IMG_58888845-corn.png\" \/>\n\t<meta property=\"og:image:width\" content=\"1365\" \/>\n\t<meta property=\"og:image:height\" content=\"1024\" \/>\n\t<meta property=\"og:image:type\" content=\"image\/png\" \/>\n<meta name=\"twitter:card\" content=\"summary_large_image\" \/>\n<meta name=\"twitter:site\" content=\"@Audiodynestudio\" \/>\n<meta name=\"twitter:label1\" content=\"Gesch\u00e4tzte Lesezeit\" \/>\n\t<meta name=\"twitter:data1\" content=\"2\u00a0Minuten\" \/>\n<script type=\"application\/ld+json\" class=\"yoast-schema-graph\">{\"@context\":\"https:\\\/\\\/schema.org\",\"@graph\":[{\"@type\":\"WebPage\",\"@id\":\"https:\\\/\\\/audiodyne.studio\\\/recording\\\/\",\"url\":\"https:\\\/\\\/audiodyne.studio\\\/recording\\\/\",\"name\":\"Audio Recording | Audiodyne Studio | Audio Mixing & Mastering\",\"isPartOf\":{\"@id\":\"https:\\\/\\\/audiodyne.studio\\\/#website\"},\"primaryImageOfPage\":{\"@id\":\"https:\\\/\\\/audiodyne.studio\\\/recording\\\/#primaryimage\"},\"image\":{\"@id\":\"https:\\\/\\\/audiodyne.studio\\\/recording\\\/#primaryimage\"},\"thumbnailUrl\":\"https:\\\/\\\/audiodyne.studio\\\/wp-content\\\/uploads\\\/2023\\\/03\\\/IMG_58888845-corn.png\",\"datePublished\":\"2023-02-28T18:51:29+00:00\",\"dateModified\":\"2023-10-04T11:51:23+00:00\",\"description\":\"Audio recording in our studio is the process of capturing sound in a controlled environment to achieve high-quality recordings.\",\"breadcrumb\":{\"@id\":\"https:\\\/\\\/audiodyne.studio\\\/recording\\\/#breadcrumb\"},\"inLanguage\":\"de\",\"potentialAction\":[{\"@type\":\"ReadAction\",\"target\":[\"https:\\\/\\\/audiodyne.studio\\\/recording\\\/\"]}]},{\"@type\":\"ImageObject\",\"inLanguage\":\"de\",\"@id\":\"https:\\\/\\\/audiodyne.studio\\\/recording\\\/#primaryimage\",\"url\":\"https:\\\/\\\/audiodyne.studio\\\/wp-content\\\/uploads\\\/2023\\\/03\\\/IMG_58888845-corn.png\",\"contentUrl\":\"https:\\\/\\\/audiodyne.studio\\\/wp-content\\\/uploads\\\/2023\\\/03\\\/IMG_58888845-corn.png\",\"width\":1365,\"height\":1024,\"caption\":\"Audio Recording\"},{\"@type\":\"BreadcrumbList\",\"@id\":\"https:\\\/\\\/audiodyne.studio\\\/recording\\\/#breadcrumb\",\"itemListElement\":[{\"@type\":\"ListItem\",\"position\":1,\"name\":\"Home\",\"item\":\"https:\\\/\\\/audiodyne.studio\\\/\"},{\"@type\":\"ListItem\",\"position\":2,\"name\":\"Recording\"}]},{\"@type\":\"WebSite\",\"@id\":\"https:\\\/\\\/audiodyne.studio\\\/#website\",\"url\":\"https:\\\/\\\/audiodyne.studio\\\/\",\"name\":\"Audiodyne Studio\",\"description\":\"Make It Groove!\",\"publisher\":{\"@id\":\"https:\\\/\\\/audiodyne.studio\\\/#organization\"},\"alternateName\":\"Audiodyne\",\"potentialAction\":[{\"@type\":\"SearchAction\",\"target\":{\"@type\":\"EntryPoint\",\"urlTemplate\":\"https:\\\/\\\/audiodyne.studio\\\/?s={search_term_string}\"},\"query-input\":{\"@type\":\"PropertyValueSpecification\",\"valueRequired\":true,\"valueName\":\"search_term_string\"}}],\"inLanguage\":\"de\"},{\"@type\":\"Organization\",\"@id\":\"https:\\\/\\\/audiodyne.studio\\\/#organization\",\"name\":\"Audiodyne\",\"alternateName\":\"Audiodyne Studio\",\"url\":\"https:\\\/\\\/audiodyne.studio\\\/\",\"logo\":{\"@type\":\"ImageObject\",\"inLanguage\":\"de\",\"@id\":\"https:\\\/\\\/audiodyne.studio\\\/#\\\/schema\\\/logo\\\/image\\\/\",\"url\":\"https:\\\/\\\/audiodyne.studio\\\/wp-content\\\/uploads\\\/2023\\\/02\\\/Favicon-1-jpeg.jpg\",\"contentUrl\":\"https:\\\/\\\/audiodyne.studio\\\/wp-content\\\/uploads\\\/2023\\\/02\\\/Favicon-1-jpeg.jpg\",\"width\":1024,\"height\":1024,\"caption\":\"Audiodyne\"},\"image\":{\"@id\":\"https:\\\/\\\/audiodyne.studio\\\/#\\\/schema\\\/logo\\\/image\\\/\"},\"sameAs\":[\"https:\\\/\\\/x.com\\\/Audiodynestudio\"],\"publishingPrinciples\":\"https:\\\/\\\/audiodyne.studio\\\/terms-of-service\\\/\",\"ownershipFundingInfo\":\"https:\\\/\\\/audiodyne.studio\\\/legal-notice\\\/\"}]}<\/script>\n<!-- \/ Yoast SEO Premium plugin. -->","yoast_head_json":{"title":"Audio Recording | Audiodyne Studio | Audio Mixing & Mastering","description":"Audio recording in our studio is the process of capturing sound in a controlled environment to achieve high-quality recordings.","robots":{"index":"index","follow":"follow","max-snippet":"max-snippet:-1","max-image-preview":"max-image-preview:large","max-video-preview":"max-video-preview:-1"},"canonical":"https:\/\/audiodyne.studio\/de\/recording\/","og_locale":"de_DE","og_type":"article","og_title":"Recording","og_description":"Audio recording in our studio is the process of capturing sound in a controlled environment to achieve high-quality recordings.","og_url":"https:\/\/audiodyne.studio\/de\/recording\/","og_site_name":"Audiodyne Studio","article_modified_time":"2023-10-04T11:51:23+00:00","og_image":[{"width":1365,"height":1024,"url":"https:\/\/audiodyne.studio\/wp-content\/uploads\/2023\/03\/IMG_58888845-corn.png","type":"image\/png"}],"twitter_card":"summary_large_image","twitter_site":"@Audiodynestudio","twitter_misc":{"Gesch\u00e4tzte Lesezeit":"2\u00a0Minuten"},"schema":{"@context":"https:\/\/schema.org","@graph":[{"@type":"WebPage","@id":"https:\/\/audiodyne.studio\/recording\/","url":"https:\/\/audiodyne.studio\/recording\/","name":"Audio Recording | Audiodyne Studio | Audio Mixing & Mastering","isPartOf":{"@id":"https:\/\/audiodyne.studio\/#website"},"primaryImageOfPage":{"@id":"https:\/\/audiodyne.studio\/recording\/#primaryimage"},"image":{"@id":"https:\/\/audiodyne.studio\/recording\/#primaryimage"},"thumbnailUrl":"https:\/\/audiodyne.studio\/wp-content\/uploads\/2023\/03\/IMG_58888845-corn.png","datePublished":"2023-02-28T18:51:29+00:00","dateModified":"2023-10-04T11:51:23+00:00","description":"Audio recording in our studio is the process of capturing sound in a controlled environment to achieve high-quality recordings.","breadcrumb":{"@id":"https:\/\/audiodyne.studio\/recording\/#breadcrumb"},"inLanguage":"de","potentialAction":[{"@type":"ReadAction","target":["https:\/\/audiodyne.studio\/recording\/"]}]},{"@type":"ImageObject","inLanguage":"de","@id":"https:\/\/audiodyne.studio\/recording\/#primaryimage","url":"https:\/\/audiodyne.studio\/wp-content\/uploads\/2023\/03\/IMG_58888845-corn.png","contentUrl":"https:\/\/audiodyne.studio\/wp-content\/uploads\/2023\/03\/IMG_58888845-corn.png","width":1365,"height":1024,"caption":"Audio Recording"},{"@type":"BreadcrumbList","@id":"https:\/\/audiodyne.studio\/recording\/#breadcrumb","itemListElement":[{"@type":"ListItem","position":1,"name":"Home","item":"https:\/\/audiodyne.studio\/"},{"@type":"ListItem","position":2,"name":"Recording"}]},{"@type":"WebSite","@id":"https:\/\/audiodyne.studio\/#website","url":"https:\/\/audiodyne.studio\/","name":"Audiodyne Studio","description":"Make It Groove!","publisher":{"@id":"https:\/\/audiodyne.studio\/#organization"},"alternateName":"Audiodyne","potentialAction":[{"@type":"SearchAction","target":{"@type":"EntryPoint","urlTemplate":"https:\/\/audiodyne.studio\/?s={search_term_string}"},"query-input":{"@type":"PropertyValueSpecification","valueRequired":true,"valueName":"search_term_string"}}],"inLanguage":"de"},{"@type":"Organization","@id":"https:\/\/audiodyne.studio\/#organization","name":"Audiodyne","alternateName":"Audiodyne Studio","url":"https:\/\/audiodyne.studio\/","logo":{"@type":"ImageObject","inLanguage":"de","@id":"https:\/\/audiodyne.studio\/#\/schema\/logo\/image\/","url":"https:\/\/audiodyne.studio\/wp-content\/uploads\/2023\/02\/Favicon-1-jpeg.jpg","contentUrl":"https:\/\/audiodyne.studio\/wp-content\/uploads\/2023\/02\/Favicon-1-jpeg.jpg","width":1024,"height":1024,"caption":"Audiodyne"},"image":{"@id":"https:\/\/audiodyne.studio\/#\/schema\/logo\/image\/"},"sameAs":["https:\/\/x.com\/Audiodynestudio"],"publishingPrinciples":"https:\/\/audiodyne.studio\/terms-of-service\/","ownershipFundingInfo":"https:\/\/audiodyne.studio\/legal-notice\/"}]}},"_links":{"self":[{"href":"https:\/\/audiodyne.studio\/de\/wp-json\/wp\/v2\/pages\/1013","targetHints":{"allow":["GET"]}}],"collection":[{"href":"https:\/\/audiodyne.studio\/de\/wp-json\/wp\/v2\/pages"}],"about":[{"href":"https:\/\/audiodyne.studio\/de\/wp-json\/wp\/v2\/types\/page"}],"author":[{"embeddable":true,"href":"https:\/\/audiodyne.studio\/de\/wp-json\/wp\/v2\/users\/1"}],"replies":[{"embeddable":true,"href":"https:\/\/audiodyne.studio\/de\/wp-json\/wp\/v2\/comments?post=1013"}],"version-history":[{"count":1,"href":"https:\/\/audiodyne.studio\/de\/wp-json\/wp\/v2\/pages\/1013\/revisions"}],"predecessor-version":[{"id":4661,"href":"https:\/\/audiodyne.studio\/de\/wp-json\/wp\/v2\/pages\/1013\/revisions\/4661"}],"wp:featuredmedia":[{"embeddable":true,"href":"https:\/\/audiodyne.studio\/de\/wp-json\/wp\/v2\/media\/2969"}],"wp:attachment":[{"href":"https:\/\/audiodyne.studio\/de\/wp-json\/wp\/v2\/media?parent=1013"}],"curies":[{"name":"wp","href":"https:\/\/api.w.org\/{rel}","templated":true}]}}